{"id":627,"date":"2022-10-14T10:45:25","date_gmt":"2022-10-14T17:45:25","guid":{"rendered":"https:\/\/www.asesoresqfyb.com\/?post_type=product&#038;p=627"},"modified":"2026-02-19T22:42:38","modified_gmt":"2026-02-20T05:42:38","slug":"pno-para-manejo-de-medicamentos-controlados-fraccion-i-ii-y-iii","status":"publish","type":"product","link":"https:\/\/www.asesoresqfyb.com\/index.php\/product\/pno-para-manejo-de-medicamentos-controlados-fraccion-i-ii-y-iii\/","title":{"rendered":"PNO para Manejo de Medicamentos Controlados"},"content":{"rendered":"<h1 style=\"text-align: left\"><strong>PNO \u201cMANEJO DE MEDICAMENTOS CONTROLADOS (FRACCI\u00d3N III, II Y I)\u00bb<\/strong><\/h1>\n<p>&nbsp;<\/p>\n<p>-El procedimiento se env\u00eda personalizado con los datos de tu establecimiento (nombre, logotipo, nombre del personal de labora en \u00e9l).<\/p>\n<p>-Se env\u00eda a trav\u00e9s de un <strong>correo electr\u00f3nico (versi\u00f3n digital 100% digital)<\/strong><\/p>\n<p>&nbsp;<\/p>\n<h2>RECUERDA:<\/h2>\n<p>Adem\u00e1s de los procedimientos, una farmacia debe contar con termohigr\u00f3metros calibrados, registros de actividades (temperatura\/humedad, entradas\/salidas de medicamentos, inventario etc), capacitaci\u00f3n del personal (curso SICAD en l\u00ednea), la farmacopea vigente (Suplemento para establecimientos dedicados a la venta y suministro de medicamentos y dem\u00e1s insumos para la salud, 6\u00aa. Edici\u00f3n, (Tambi\u00e9n conocido como Suplemento para Farmacias)) y el suplemento 2020 (requisito reciente).<\/p>\n<p>Cap\u00edtulo VI \u00ab<a href=\"https:\/\/www.asesoresqfyb.com\/index.php\/2023\/11\/16\/requisitos-para-la-operacion-de-farmacia\/\">Requisitos para la Operaci\u00f3n de Farmacias<\/a>\u00bb de la FEUM-Suplemento para farmacias 6ta ed,<\/p>\n<p>&nbsp;<\/p>\n<h2><strong>FACTURACI\u00d3N<\/strong><\/h2>\n<p>Solicitar factura una vez realizada la compra. El costo de la publicaci\u00f3n ya incluye IVA.<\/p>\n<h2><\/h2>\n<h2>EVITA MULTA, ACTUALIZA TUS PNO Y DEM\u00c1S DOCUMENTACI\u00d3N\u00a0 Y REGISTRA TUS ACTIVIDADES<\/h2>\n<p>&nbsp;<\/p>\n<p><a href=\"https:\/\/www.youtube.com\/@asesoresqfyb\">VISITA NUESTRO CANAL\u00a0 EN YOUTUBE<\/a><\/p>\n","protected":false},"excerpt":{"rendered":"<p style=\"text-align: left\">PNO MANEJO DE MEDICAMENTOS CONTROLADOS<\/p>\n<p style=\"text-align: left\">Env\u00edo digital\u00a0 a trav\u00e9s de un correo electr\u00f3nico<\/p>\n<p>&nbsp;<\/p>\n","protected":false},"featured_media":852,"comment_status":"open","ping_status":"closed","template":"","meta":{"om_disable_all_campaigns":false,"_monsterinsights_skip_tracking":false,"_monsterinsights_sitenote_active":false,"_monsterinsights_sitenote_note":"","_monsterinsights_sitenote_category":0},"product_brand":[],"product_cat":[22],"product_tag":[],"class_list":{"0":"post-627","1":"product","2":"type-product","3":"status-publish","4":"has-post-thumbnail","6":"product_cat-farmacia","8":"first","9":"instock","10":"virtual","11":"taxable","12":"product-type-simple"},"aioseo_notices":[],"_links":{"self":[{"href":"https:\/\/www.asesoresqfyb.com\/index.php\/wp-json\/wp\/v2\/product\/627","targetHints":{"allow":["GET"]}}],"collection":[{"href":"https:\/\/www.asesoresqfyb.com\/index.php\/wp-json\/wp\/v2\/product"}],"about":[{"href":"https:\/\/www.asesoresqfyb.com\/index.php\/wp-json\/wp\/v2\/types\/product"}],"replies":[{"embeddable":true,"href":"https:\/\/www.asesoresqfyb.com\/index.php\/wp-json\/wp\/v2\/comments?post=627"}],"wp:featuredmedia":[{"embeddable":true,"href":"https:\/\/www.asesoresqfyb.com\/index.php\/wp-json\/wp\/v2\/media\/852"}],"wp:attachment":[{"href":"https:\/\/www.asesoresqfyb.com\/index.php\/wp-json\/wp\/v2\/media?parent=627"}],"wp:term":[{"taxonomy":"product_brand","embeddable":true,"href":"https:\/\/www.asesoresqfyb.com\/index.php\/wp-json\/wp\/v2\/product_brand?post=627"},{"taxonomy":"product_cat","embeddable":true,"href":"https:\/\/www.asesoresqfyb.com\/index.php\/wp-json\/wp\/v2\/product_cat?post=627"},{"taxonomy":"product_tag","embeddable":true,"href":"https:\/\/www.asesoresqfyb.com\/index.php\/wp-json\/wp\/v2\/product_tag?post=627"}],"curies":[{"name":"wp","href":"https:\/\/api.w.org\/{rel}","templated":true}]}}