{"id":527,"date":"2022-08-12T16:11:52","date_gmt":"2022-08-12T23:11:52","guid":{"rendered":"https:\/\/www.asesoresqfyb.com\/?post_type=product&#038;p=527"},"modified":"2022-10-16T21:19:27","modified_gmt":"2022-10-17T04:19:27","slug":"servicio-de-diseno-de-primers-oligos-pcr-tiempo-real-uso-industrial","status":"publish","type":"product","link":"https:\/\/www.asesoresqfyb.com\/index.php\/product\/servicio-de-diseno-de-primers-oligos-pcr-tiempo-real-uso-industrial\/","title":{"rendered":"servicio de dise\u00f1o de primers (oligos) PCR tiempo-real uso INDUSTRIAL"},"content":{"rendered":"<p>Servicio de dise\u00f1o de primers (par sentido\/antisentido) PCR tiempo-real para uso industrial. junto con las secuencias de los primers y su sonda, se env\u00eda un reporte con lo siguiente:<\/p>\n<ul>\n<li>Propiedades fisicoqu\u00edmicas de las secuencias.<\/li>\n<li>An\u00e1lisis de plegamientos inespec\u00edficos intra e inter moleculares.<\/li>\n<li>An\u00e1lisis de la especificidad de las secuencias.<\/li>\n<li>An\u00e1lisis de posibles reacciones cruzadas de las secuencias.<\/li>\n<\/ul>\n<p>&nbsp;<\/p>\n<p>El uso industrial implica:<\/p>\n<ol>\n<li>Las secuencias se generan para el gen o secuencia no codificante objetivo del usuario, incluyendo aquellas cuya intenci\u00f3n de uso est\u00e9n enfocadas al diagnostico o la detecci\u00f3n de un pat\u00f3geno o distinci\u00f3n de alelos en un organismo.<\/li>\n<\/ol>\n","protected":false},"excerpt":{"rendered":"<p>Servicio de dise\u00f1o de primers (par sentido\/antisentido) PCR tiempo-real para uso industrial. incluye reporte de dise\u00f1o.<\/p>\n","protected":false},"featured_media":528,"comment_status":"open","ping_status":"closed","template":"","meta":{"om_disable_all_campaigns":false,"_monsterinsights_skip_tracking":false,"_monsterinsights_sitenote_active":false,"_monsterinsights_sitenote_note":"","_monsterinsights_sitenote_category":0},"product_brand":[],"product_cat":[62],"product_tag":[],"class_list":{"0":"post-527","1":"product","2":"type-product","3":"status-publish","4":"has-post-thumbnail","6":"product_cat-biotecnologia","8":"first","9":"instock","10":"virtual","11":"taxable","12":"purchasable","13":"product-type-simple"},"aioseo_notices":[],"_links":{"self":[{"href":"https:\/\/www.asesoresqfyb.com\/index.php\/wp-json\/wp\/v2\/product\/527","targetHints":{"allow":["GET"]}}],"collection":[{"href":"https:\/\/www.asesoresqfyb.com\/index.php\/wp-json\/wp\/v2\/product"}],"about":[{"href":"https:\/\/www.asesoresqfyb.com\/index.php\/wp-json\/wp\/v2\/types\/product"}],"replies":[{"embeddable":true,"href":"https:\/\/www.asesoresqfyb.com\/index.php\/wp-json\/wp\/v2\/comments?post=527"}],"wp:featuredmedia":[{"embeddable":true,"href":"https:\/\/www.asesoresqfyb.com\/index.php\/wp-json\/wp\/v2\/media\/528"}],"wp:attachment":[{"href":"https:\/\/www.asesoresqfyb.com\/index.php\/wp-json\/wp\/v2\/media?parent=527"}],"wp:term":[{"taxonomy":"product_brand","embeddable":true,"href":"https:\/\/www.asesoresqfyb.com\/index.php\/wp-json\/wp\/v2\/product_brand?post=527"},{"taxonomy":"product_cat","embeddable":true,"href":"https:\/\/www.asesoresqfyb.com\/index.php\/wp-json\/wp\/v2\/product_cat?post=527"},{"taxonomy":"product_tag","embeddable":true,"href":"https:\/\/www.asesoresqfyb.com\/index.php\/wp-json\/wp\/v2\/product_tag?post=527"}],"curies":[{"name":"wp","href":"https:\/\/api.w.org\/{rel}","templated":true}]}}