{"id":455,"date":"2022-08-04T14:40:35","date_gmt":"2022-08-04T21:40:35","guid":{"rendered":"https:\/\/www.asesoresqfyb.com\/?post_type=product&#038;p=455"},"modified":"2025-10-24T11:22:51","modified_gmt":"2025-10-24T18:22:51","slug":"termohigrometro-calibrado-htc-1","status":"publish","type":"product","link":"https:\/\/www.asesoresqfyb.com\/index.php\/product\/termohigrometro-calibrado-htc-1\/","title":{"rendered":"Termohigr\u00f3metro calibrado HTC-1"},"content":{"rendered":"<h1><strong>Temohigr\u00f3metro Ambiental con certificado de calibraci\u00f3n<\/strong><\/h1>\n<p>Cumple con la <a href=\"https:\/\/www.asesoresqfyb.com\/index.php\/2023\/11\/16\/requisitos-para-la-operacion-de-farmacia\/\">normativa solicitada para tu farmacia.<\/a><\/p>\n<p>&nbsp;<\/p>\n<p>El certificado es emitido por un laboratorio acreditado de metrolog\u00eda (incluye temperatura (dos puntos, 25 y 40 \u00b0C) y humedad relativa (un punto, 70 % HR), para los sensores internos).<\/p>\n<p>&nbsp;<\/p>\n<p>Vigencia 1 a\u00f1o. El certificado de calibraci\u00f3n debe ser aceptado en cualquier auditor\u00eda\/revisi\u00f3n\/vigilancia\/ etc.<\/p>\n<p>El cliente deber\u00e1 proporcionar sus datos (Raz\u00f3n Social, Domicilio, Nombre) para generar el certificado.<\/p>\n<p>&nbsp;<\/p>\n<p><strong>ENV\u00cdO INCLUIDO<\/strong><\/p>\n<p><strong>**Tiempo de env\u00edo 5 d\u00edas h\u00e1biles**<\/strong><\/p>\n<h2><\/h2>\n<h2>Especificaciones:<\/h2>\n<ul>\n<li>Modelo HTC &#8211; 1<\/li>\n<li>Uso: Ambiental (no para refrigeradores)<\/li>\n<li>Intervalo de Temperatura: -10 \u00b0C a 50 \u00b0C. Resoluci\u00f3n 0.1 \u00b0C<\/li>\n<li>Intervalo de Humedad relativa: 10 %HR a 99 %HR. Resoluci\u00f3n 1 %HR<\/li>\n<li>Tama\u00f1o del instrumento: 105 mm x 97 mm x 22 mm<\/li>\n<li>Selector: \u00b0C \/ \u00b0F<\/li>\n<li>Exactitud :+\/- 1.0 \u00b0C +\/- 5 %HR<\/li>\n<li>Alimentaci\u00f3n: 1 bater\u00eda \u201cAAA\u201d (incluida)<\/li>\n<li>Fijaci\u00f3n: Orificio al respaldo para ser colgado o soporte para sobreponer.<\/li>\n<li>Pantalla: Grande y de f\u00e1cil lectura<\/li>\n<\/ul>\n<p>&nbsp;<\/p>\n<p>&nbsp;<\/p>\n","protected":false},"excerpt":{"rendered":"<p>Termohigr\u00f3metro con certificado de calibraci\u00f3n para farmacias y almacenes. Excelente\u00a0 para registrar las condiciones de temperatura y humedad ambiental.<\/p>\n<p>ENVIO INCLUIDO<\/p>\n","protected":false},"featured_media":456,"comment_status":"open","ping_status":"closed","template":"","meta":{"om_disable_all_campaigns":false,"_monsterinsights_skip_tracking":false,"_monsterinsights_sitenote_active":false,"_monsterinsights_sitenote_note":"","_monsterinsights_sitenote_category":0},"product_brand":[],"product_cat":[36,22],"product_tag":[],"class_list":{"0":"post-455","1":"product","2":"type-product","3":"status-publish","4":"has-post-thumbnail","6":"product_cat-almacen","7":"product_cat-farmacia","9":"first","10":"instock","11":"virtual","12":"taxable","13":"purchasable","14":"product-type-simple"},"aioseo_notices":[],"_links":{"self":[{"href":"https:\/\/www.asesoresqfyb.com\/index.php\/wp-json\/wp\/v2\/product\/455","targetHints":{"allow":["GET"]}}],"collection":[{"href":"https:\/\/www.asesoresqfyb.com\/index.php\/wp-json\/wp\/v2\/product"}],"about":[{"href":"https:\/\/www.asesoresqfyb.com\/index.php\/wp-json\/wp\/v2\/types\/product"}],"replies":[{"embeddable":true,"href":"https:\/\/www.asesoresqfyb.com\/index.php\/wp-json\/wp\/v2\/comments?post=455"}],"wp:featuredmedia":[{"embeddable":true,"href":"https:\/\/www.asesoresqfyb.com\/index.php\/wp-json\/wp\/v2\/media\/456"}],"wp:attachment":[{"href":"https:\/\/www.asesoresqfyb.com\/index.php\/wp-json\/wp\/v2\/media?parent=455"}],"wp:term":[{"taxonomy":"product_brand","embeddable":true,"href":"https:\/\/www.asesoresqfyb.com\/index.php\/wp-json\/wp\/v2\/product_brand?post=455"},{"taxonomy":"product_cat","embeddable":true,"href":"https:\/\/www.asesoresqfyb.com\/index.php\/wp-json\/wp\/v2\/product_cat?post=455"},{"taxonomy":"product_tag","embeddable":true,"href":"https:\/\/www.asesoresqfyb.com\/index.php\/wp-json\/wp\/v2\/product_tag?post=455"}],"curies":[{"name":"wp","href":"https:\/\/api.w.org\/{rel}","templated":true}]}}