{"id":358,"date":"2022-07-22T12:36:35","date_gmt":"2022-07-22T19:36:35","guid":{"rendered":"https:\/\/www.asesoresqfyb.com\/?post_type=product&#038;p=358"},"modified":"2022-10-16T21:21:45","modified_gmt":"2022-10-17T04:21:45","slug":"servicio-de-diseno-de-primers-oligos-uso-academico","status":"publish","type":"product","link":"https:\/\/www.asesoresqfyb.com\/index.php\/product\/servicio-de-diseno-de-primers-oligos-uso-academico\/","title":{"rendered":"servicio de dise\u00f1o de primers (oligos) uso ACADEMICO"},"content":{"rendered":"<p>Servicio de dise\u00f1o de primers (par sentido\/antisentido) para uso acad\u00e9mico. junto con las secuencias de los primers se env\u00eda un reporte con lo siguiente:<\/p>\n<ul>\n<li>Propiedades fisicoqu\u00edmicas de las secuencias.<\/li>\n<li>An\u00e1lisis de plegamientos inespec\u00edficos intra e inter moleculares.<\/li>\n<li>Instrucciones de los pasos que se realizaron para definir las secuencias.<\/li>\n<li>An\u00e1lisis de la especificidad de las secuencias.<\/li>\n<li>An\u00e1lisis de posibles reacciones cruzadas de las secuencias.<\/li>\n<\/ul>\n<p>&nbsp;<\/p>\n<p>El uso acad\u00e9mico implica:<\/p>\n<ol>\n<li>Las secuencias se generan para regiones no codificantes, promotores, intrones, o secuencias cuya finalidad no sea de uso para el diagnostico o la detecci\u00f3n de un pat\u00f3geno (ciencia pura).<\/li>\n<li>Estan enfocados a la detecci\u00f3n de genes, el aislamiento de estos o la modificaci\u00f3n de una secuencia. en base al punto 1.<\/li>\n<li>Primers para la introducci\u00f3n de mutaciones a una secuencia entran en esta categor\u00eda.<\/li>\n<li>Incluye s\u00edntesis a 25 mM con purificacion estandar desalado (DST) para evaluaci\u00f3n del dise\u00f1o.<\/li>\n<\/ol>\n<p>&nbsp;<\/p>\n<p>Si por alguna raz\u00f3n necesitas de que tus primers sean para la detecci\u00f3n de un pat\u00f3geno o uso de diagnostico a pesar de ser parte de un proyecto de tesis, podemos solucionarlo. cont\u00e1ctanos.<\/p>\n<p>&nbsp;<\/p>\n","protected":false},"excerpt":{"rendered":"<p>Servicio de dise\u00f1o de primers (par sentido\/antisentido) para uso acad\u00e9mico. incluye reporte e instrucciones de dise\u00f1o.<\/p>\n","protected":false},"featured_media":518,"comment_status":"open","ping_status":"closed","template":"","meta":{"om_disable_all_campaigns":false,"_monsterinsights_skip_tracking":false,"_monsterinsights_sitenote_active":false,"_monsterinsights_sitenote_note":"","_monsterinsights_sitenote_category":0},"product_brand":[],"product_cat":[62],"product_tag":[],"class_list":{"0":"post-358","1":"product","2":"type-product","3":"status-publish","4":"has-post-thumbnail","6":"product_cat-biotecnologia","8":"first","9":"instock","10":"sale","11":"virtual","12":"taxable","13":"purchasable","14":"product-type-simple"},"aioseo_notices":[],"_links":{"self":[{"href":"https:\/\/www.asesoresqfyb.com\/index.php\/wp-json\/wp\/v2\/product\/358","targetHints":{"allow":["GET"]}}],"collection":[{"href":"https:\/\/www.asesoresqfyb.com\/index.php\/wp-json\/wp\/v2\/product"}],"about":[{"href":"https:\/\/www.asesoresqfyb.com\/index.php\/wp-json\/wp\/v2\/types\/product"}],"replies":[{"embeddable":true,"href":"https:\/\/www.asesoresqfyb.com\/index.php\/wp-json\/wp\/v2\/comments?post=358"}],"wp:featuredmedia":[{"embeddable":true,"href":"https:\/\/www.asesoresqfyb.com\/index.php\/wp-json\/wp\/v2\/media\/518"}],"wp:attachment":[{"href":"https:\/\/www.asesoresqfyb.com\/index.php\/wp-json\/wp\/v2\/media?parent=358"}],"wp:term":[{"taxonomy":"product_brand","embeddable":true,"href":"https:\/\/www.asesoresqfyb.com\/index.php\/wp-json\/wp\/v2\/product_brand?post=358"},{"taxonomy":"product_cat","embeddable":true,"href":"https:\/\/www.asesoresqfyb.com\/index.php\/wp-json\/wp\/v2\/product_cat?post=358"},{"taxonomy":"product_tag","embeddable":true,"href":"https:\/\/www.asesoresqfyb.com\/index.php\/wp-json\/wp\/v2\/product_tag?post=358"}],"curies":[{"name":"wp","href":"https:\/\/api.w.org\/{rel}","templated":true}]}}