{"id":300,"date":"2022-07-12T11:57:16","date_gmt":"2022-07-12T18:57:16","guid":{"rendered":"https:\/\/www.asesoresqfyb.com\/?post_type=product&#038;p=300"},"modified":"2026-01-05T14:48:10","modified_gmt":"2026-01-05T21:48:10","slug":"pno-analisis-de-riesgo-y-formato-amef-version-digital","status":"publish","type":"product","link":"https:\/\/www.asesoresqfyb.com\/index.php\/product\/pno-analisis-de-riesgo-y-formato-amef-version-digital\/","title":{"rendered":"PNO de An\u00e1lisis de Riesgo"},"content":{"rendered":"<p>PNO de gesti\u00f3n de riesgo enfocado principalmente a almac\u00e9n de medicamentos y dem\u00e1s insumos para la salud. Este procedimiento es la base para realizar un an\u00e1lisis de riesgo usando una metodolog\u00eda\u00a0 base AMEF.<\/p>\n<p>Incluye:<br \/>\n-PNO de gesti\u00f3n de riesgo<br \/>\n-Formato AMEF (formato excel) listo para editar con los procesos espec\u00edficos de tu establecimiento.<\/p>\n<p>-La informaci\u00f3n se env\u00eda a trav\u00e9s de un correo electr\u00f3nico en <strong>formato digital 100% editable.<\/strong><\/p>\n<p>Tu Responsable Sanitario deber\u00e1 aplicar el formato AMEF para la identificaci\u00f3n de riesgos de tu establecimiento.<\/p>\n<p>Al an\u00e1lisis de riesgo te ayuda a valorar los riesgos de tu proceso e implementar acciones preventivas para evitar errores. Es un documento solicitado por COFEPRIS que fundamenta la toma de decisiones en tu establecimiento.<\/p>\n<p>&nbsp;<\/p>\n<p>EVITA MULTA, ACTUALIZA TU DOCUMENTACI\u00d3N\u00a0 Y REGISTRA TUS ACTIVIDADES<\/p>\n<p>Cualquier duda cont\u00e1ctanos.<\/p>\n<p>WhatApp: 2215283194<\/p>\n","protected":false},"excerpt":{"rendered":"<p>PNO de gesti\u00f3n de riesgo enfocado principalmente a almac\u00e9n de medicamentos y dem\u00e1s insumos para la salud.<\/p>\n","protected":false},"featured_media":928,"comment_status":"open","ping_status":"closed","template":"","meta":{"om_disable_all_campaigns":false,"_monsterinsights_skip_tracking":false,"_monsterinsights_sitenote_active":false,"_monsterinsights_sitenote_note":"","_monsterinsights_sitenote_category":0},"product_brand":[],"product_cat":[36],"product_tag":[58,61],"class_list":{"0":"post-300","1":"product","2":"type-product","3":"status-publish","4":"has-post-thumbnail","6":"product_cat-almacen","7":"product_tag-amef","8":"product_tag-control-de-calidad","10":"first","11":"instock","12":"virtual","13":"taxable","14":"purchasable","15":"product-type-simple"},"aioseo_notices":[],"_links":{"self":[{"href":"https:\/\/www.asesoresqfyb.com\/index.php\/wp-json\/wp\/v2\/product\/300","targetHints":{"allow":["GET"]}}],"collection":[{"href":"https:\/\/www.asesoresqfyb.com\/index.php\/wp-json\/wp\/v2\/product"}],"about":[{"href":"https:\/\/www.asesoresqfyb.com\/index.php\/wp-json\/wp\/v2\/types\/product"}],"replies":[{"embeddable":true,"href":"https:\/\/www.asesoresqfyb.com\/index.php\/wp-json\/wp\/v2\/comments?post=300"}],"wp:featuredmedia":[{"embeddable":true,"href":"https:\/\/www.asesoresqfyb.com\/index.php\/wp-json\/wp\/v2\/media\/928"}],"wp:attachment":[{"href":"https:\/\/www.asesoresqfyb.com\/index.php\/wp-json\/wp\/v2\/media?parent=300"}],"wp:term":[{"taxonomy":"product_brand","embeddable":true,"href":"https:\/\/www.asesoresqfyb.com\/index.php\/wp-json\/wp\/v2\/product_brand?post=300"},{"taxonomy":"product_cat","embeddable":true,"href":"https:\/\/www.asesoresqfyb.com\/index.php\/wp-json\/wp\/v2\/product_cat?post=300"},{"taxonomy":"product_tag","embeddable":true,"href":"https:\/\/www.asesoresqfyb.com\/index.php\/wp-json\/wp\/v2\/product_tag?post=300"}],"curies":[{"name":"wp","href":"https:\/\/api.w.org\/{rel}","templated":true}]}}