{"id":184,"date":"2022-06-23T20:25:12","date_gmt":"2022-06-24T03:25:12","guid":{"rendered":"http:\/\/192.168.1.83\/?post_type=product&#038;p=184"},"modified":"2025-11-15T16:18:29","modified_gmt":"2025-11-15T23:18:29","slug":"42-procedimientos-pnos-para-almacen-de-medicamentos","status":"publish","type":"product","link":"https:\/\/www.asesoresqfyb.com\/index.php\/product\/42-procedimientos-pnos-para-almacen-de-medicamentos\/","title":{"rendered":"42 PNO PARA ALMACENES"},"content":{"rendered":"<h1 style=\"text-align: center\"><strong>Procedimientos Normalizados de Operaci\u00f3n para almacenes o distribuidores de medicamentos<\/strong><\/h1>\n<p>Los almacenes o distribuidores de medicamentos est\u00e1n regulados bajo la FEUM suplemento para el establecimiento dedicados a la venta (cap\u00edtulo <a href=\"https:\/\/www.asesoresqfyb.com\/index.php\/2024\/04\/12\/requisitos-para-almacen-de-medicamentos\/\">REQUISITOS PARA LA OPERACI\u00d3N DE ALMACENES<\/a>), suplemento 2020 y NOM059 numeral 16 Buenas Pr\u00e1cticas de Almacenamiento y Distribuci\u00f3n.<\/p>\n<p>&nbsp;<\/p>\n<h2 style=\"text-align: left\"><b>EL PAQUETE INCLUYE<\/b><\/h2>\n<p>-42 Procedimientos Normalizados de Operaci\u00f3n (Requisitados en el Acta de Verificaci\u00f3n)<\/p>\n<p>-39\u00a0 formatos de registro<\/p>\n<p>-Asesor\u00eda para implementaci\u00f3n de documentos<\/p>\n<p>&nbsp;<\/p>\n<h2 style=\"text-align: left\"><b>PERSONALIZACI\u00d3N DE DOCUMENTOS\u00a0<\/b><\/h2>\n<p>La documentaci\u00f3n se personaliza con los datos de su almac\u00e9n:<\/p>\n<p>-Nombre y logotipo del almac\u00e9n<\/p>\n<p>-Nombre y puesto de 3 personas (incluyendo al Responsable Sanitario).<\/p>\n<p>NOTA:<\/p>\n<ul>\n<li>Los documentos est\u00e1n redactados para un almac\u00e9n est\u00e1ndar con venta al p\u00fablico (No incluye procesos cr\u00edticos como red fr\u00eda, HVAC, sistemas automatizados).<\/li>\n<li>El Responsable Sanitario deber\u00e1 fortalecer los documentos con base a su proceso espec\u00edfico, adem\u00e1s, deber\u00e1 autorizar\u00a0 la documentaci\u00f3n antes de ser presentada ante la autoridad competente. Recuerda que no solo se audita la documentaci\u00f3n, sino tambi\u00e9n registros de actividades.<\/li>\n<li>Estos\u00a0<a href=\"https:\/\/www.asesoresqfyb.com\/index.php\/2023\/11\/03\/procedimientos-normalizados-de-operacion\/\">procedimientos<\/a>\u00a0se encuentran actualizados 2025 con base al suplemento para farmacias 6ta edici\u00f3n, al suplemento 2020, Ley General de Salud y Reglamento de insumos para la salud.<\/li>\n<\/ul>\n<p>&nbsp;<\/p>\n<h2 style=\"text-align: left\"><strong>ENV\u00cdO<\/strong><\/h2>\n<p>-La documentaci\u00f3n se env\u00eda en\u00a0<strong>formato digital 100% editable (formato word), a trav\u00e9s de un correo electr\u00f3nico<\/strong>.<\/p>\n<p>&nbsp;<\/p>\n<h2 style=\"text-align: left\"><strong>TIEMPO DE ENV\u00cdO<\/strong><\/h2>\n<p>2 d\u00edas h\u00e1biles (de lunes a viernes), una vez acreditado el pago y confirmado los datos para personalizar los documentos.<\/p>\n<p>&nbsp;<\/p>\n<h2 style=\"text-align: left\"><strong>DUDAS PARA IMPLEMENTACI\u00d3N DE LOS DOCUMENTOS<\/strong><\/h2>\n<p>En caso de tener dudas para implementar su documentaci\u00f3n con gusto agendaremos platicas por mensaje, llamada o videollamada para aclarar sus dudas.<\/p>\n<p>&nbsp;<\/p>\n<h2 style=\"text-align: left\"><strong>FACTURACI\u00d3N<\/strong><\/h2>\n<p>Solicitar factura una vez realizada la compra. El costo de la publicaci\u00f3n ya incluye IVA.<\/p>\n<p>&nbsp;<\/p>\n<h2 style=\"text-align: left\"><b>LISTA DE PROCEDIMIENTOS<\/b><\/h2>\n<ol>\n<li>Elaboraci\u00f3n de Procedimientos Normalizados de Operaci\u00f3n<\/li>\n<li>Capacitaci\u00f3n y Evaluaci\u00f3n del personal<\/li>\n<li>Buenas Pr\u00e1cticas de Documentaci\u00f3n<\/li>\n<li>Buenas Pr\u00e1cticas de Almacenamiento<\/li>\n<li>Adquisici\u00f3n de medicamentos y dem\u00e1s insumos para la salud<\/li>\n<li>Recepci\u00f3n y registro de medicamentos y dem\u00e1s insumos para la salud<\/li>\n<li>Manejo y conservaci\u00f3n de medicamentos y dem\u00e1s insumos para la salud<\/li>\n<li>Control de existencias de medicamentos y dem\u00e1s insumos para la salud<\/li>\n<li>Control y registro de distribuci\u00f3n de medicamentos aplicando PEPS y PCPS<\/li>\n<li>Venta o suministro de medicamentos y dem\u00e1s insumos para la salud<\/li>\n<li>Devoluci\u00f3n de medicamentos y dem\u00e1s insumos para la salud a proveedores<\/li>\n<li>Devoluci\u00f3n de medicamentos y dem\u00e1s insumos para la salud de usuarios al almac\u00e9n<\/li>\n<li>Auditor\u00edas t\u00e9cnicas internas (o autoinspecci\u00f3n) y externas<\/li>\n<li>Auditor\u00edas t\u00e9cnicas a proveedores y contratistas<\/li>\n<li>Calibraci\u00f3n y mantenimiento de los instrumentos de medici\u00f3n por instancias autorizadas<\/li>\n<li>Mantenimiento preventivo y correctivo de refrigeradores, congeladores, instalaciones y mobiliario<\/li>\n<li>Medidas de seguridad e higiene que incluya el control de acceso, uniforme y equipo de protecci\u00f3n, de acuerdo con las actividades que realice el almac\u00e9n.<\/li>\n<li>Control de cambios<\/li>\n<li>Manejo de desviaciones o no conformidades<\/li>\n<li>Acciones preventivas y correctivas<\/li>\n<li>Denuncia a la Autoridad Sanitaria de todo hecho, acto u omisi\u00f3n que represente un riesgo o provoque un da\u00f1o a la salud<\/li>\n<li>Destrucci\u00f3n (o inhabilitaci\u00f3n) de medicamentos y dem\u00e1s insumos para la salud, deteriorados o caducos u otros residuos peligrosos<\/li>\n<li>Actuaci\u00f3n en caso de siniestros<\/li>\n<li>Atenci\u00f3n de contingencias para minimizar su impacto en la calidad y conservaci\u00f3n de los medicamentos y dem\u00e1s insumos para la salud<\/li>\n<li>Limpieza de \u00e1reas, mobiliario, medicamentos y dem\u00e1s insumos para la salud, que incluya la frecuencia<\/li>\n<li>Prevenci\u00f3n y control de la fauna nociva, que incluya programa de actividades y acciones preventivas<\/li>\n<li>Recepci\u00f3n, atenci\u00f3n y soluci\u00f3n de quejas de los clientes<\/li>\n<li>Embarque, transporte y distribuci\u00f3n que garantice el monitoreo y el mantenimiento de las condiciones de conservaci\u00f3n de los medicamentos y dem\u00e1s insumos para la salud.<\/li>\n<li>Notificaci\u00f3n de sospechas de reacciones e incidentes adversos<\/li>\n<li>Calificaci\u00f3n de instalaciones y equipos, y validaci\u00f3n de los procesos<\/li>\n<li>Retiro de producto del mercado y notificaci\u00f3n a la Secretar\u00eda de Salud y realizaci\u00f3n de un simulacro<\/li>\n<li>Entradas y Salidas que incluyan presentaci\u00f3n, lote y caducidad<\/li>\n<li>Reclutamiento y selecci\u00f3n del personal<\/li>\n<li>Calificaci\u00f3n de personal<\/li>\n<li>Expedientes de clientes<\/li>\n<li>Calificaci\u00f3n de proveedores<\/li>\n<li>Manejo de producto fuera de especificaciones<\/li>\n<li>Manejo de sospechas de medicamentos falsificados<\/li>\n<li>Operaci\u00f3n, mantenimiento y limpieza de termohigr\u00f3metros<\/li>\n<li>Ingreso de personas ajenas al establecimiento<\/li>\n<li>Control de documentos<\/li>\n<li>Medicamentos controlados<\/li>\n<\/ol>\n<p>&nbsp;<\/p>\n<p>&nbsp;<\/p>\n<h1>NO formes parte de la lista de distribuidores irregulares de la COFEPRIS, actualiza tus documentos.<\/h1>\n<p>&nbsp;<\/p>\n<h2>EVITA MULTA, ACTUALIZA TUS PNO Y DEM\u00c1S DOCUMENTACI\u00d3N\u00a0 Y REGISTRA TUS ACTIVIDADES<\/h2>\n<p>Cualquier duda cont\u00e1ctanos.<\/p>\n<p><a href=\"https:\/\/wa.link\/901818\">WhatApp: +52 2215283194<\/a><\/p>\n<p><a href=\"https:\/\/www.youtube.com\/@asesoresqfyb\">VISITA NUESTRO CANAL\u00a0 EN YOUTUBE<\/a><\/p>\n<p>&nbsp;<\/p>\n","protected":false},"excerpt":{"rendered":"<p>Paquete de 42 PNOs para almacenes de medicamentos y dem\u00e1s insumos para la salud.<\/p>\n<p>La documentaci\u00f3n se env\u00eda por correo electr\u00f3nico (100% editable)<\/p>\n","protected":false},"featured_media":926,"comment_status":"open","ping_status":"closed","template":"","meta":{"om_disable_all_campaigns":false,"_monsterinsights_skip_tracking":false,"_monsterinsights_sitenote_active":false,"_monsterinsights_sitenote_note":"","_monsterinsights_sitenote_category":0},"product_brand":[],"product_cat":[36],"product_tag":[39,45],"class_list":{"0":"post-184","1":"product","2":"type-product","3":"status-publish","4":"has-post-thumbnail","6":"product_cat-almacen","7":"product_tag-almacen","8":"product_tag-documentacion","10":"first","11":"instock","12":"sale","13":"virtual","14":"taxable","15":"purchasable","16":"product-type-simple"},"aioseo_notices":[],"_links":{"self":[{"href":"https:\/\/www.asesoresqfyb.com\/index.php\/wp-json\/wp\/v2\/product\/184","targetHints":{"allow":["GET"]}}],"collection":[{"href":"https:\/\/www.asesoresqfyb.com\/index.php\/wp-json\/wp\/v2\/product"}],"about":[{"href":"https:\/\/www.asesoresqfyb.com\/index.php\/wp-json\/wp\/v2\/types\/product"}],"replies":[{"embeddable":true,"href":"https:\/\/www.asesoresqfyb.com\/index.php\/wp-json\/wp\/v2\/comments?post=184"}],"wp:featuredmedia":[{"embeddable":true,"href":"https:\/\/www.asesoresqfyb.com\/index.php\/wp-json\/wp\/v2\/media\/926"}],"wp:attachment":[{"href":"https:\/\/www.asesoresqfyb.com\/index.php\/wp-json\/wp\/v2\/media?parent=184"}],"wp:term":[{"taxonomy":"product_brand","embeddable":true,"href":"https:\/\/www.asesoresqfyb.com\/index.php\/wp-json\/wp\/v2\/product_brand?post=184"},{"taxonomy":"product_cat","embeddable":true,"href":"https:\/\/www.asesoresqfyb.com\/index.php\/wp-json\/wp\/v2\/product_cat?post=184"},{"taxonomy":"product_tag","embeddable":true,"href":"https:\/\/www.asesoresqfyb.com\/index.php\/wp-json\/wp\/v2\/product_tag?post=184"}],"curies":[{"name":"wp","href":"https:\/\/api.w.org\/{rel}","templated":true}]}}