{"id":152,"date":"2022-06-22T19:33:11","date_gmt":"2022-06-23T02:33:11","guid":{"rendered":"http:\/\/192.168.1.83\/?post_type=product&#038;p=152"},"modified":"2026-04-29T14:39:47","modified_gmt":"2026-04-29T21:39:47","slug":"sumplemento-de-la-farmacopea-6ta-edicion","status":"publish","type":"product","link":"https:\/\/www.asesoresqfyb.com\/index.php\/product\/sumplemento-de-la-farmacopea-6ta-edicion\/","title":{"rendered":"Suplemento  7.0"},"content":{"rendered":"<h1 class=\"product_title entry-title\">Suplemento para establecimientos dedicados a la venta y suministro de medicamentos, dispositivos m\u00e9dicos y dem\u00e1s insumos para la salud 7.0<\/h1>\n<p>&nbsp;<\/p>\n<p class=\"ui-pdp-description__content\"><strong><span style=\"color: #333399\">LIBRO ORIGINAL<\/span><\/strong><br \/>\nEste libro es un requisito solicitado por la COFEPRIS, e indica la correcta operaci\u00f3n de farmacias y almacenes de medicamentos.<\/p>\n<h2><b>Caracter\u00edsticas<\/b><\/h2>\n<ul class=\"ui-pdp-list__wrapper\">\n<li class=\"ui-pdp-list__item\">\n<p class=\"ui-pdp-family--REGULAR ui-pdp-list__text\"><span class=\"ui-pdp-color--BLACK ui-pdp-size--XSMALL ui-pdp-family--BOLD\">Cantidad de p\u00e1ginas<\/span>: 260<\/p>\n<\/li>\n<li class=\"ui-pdp-list__item\">\n<p class=\"ui-pdp-family--REGULAR ui-pdp-list__text\"><span class=\"ui-pdp-color--BLACK ui-pdp-size--XSMALL ui-pdp-family--BOLD\">Altura<\/span>: 29 cm<\/p>\n<\/li>\n<\/ul>\n<ul class=\"ui-pdp-list__wrapper\">\n<li class=\"ui-pdp-list__item\">\n<p class=\"ui-pdp-family--REGULAR ui-pdp-list__text\"><span class=\"ui-pdp-color--BLACK ui-pdp-size--XSMALL ui-pdp-family--BOLD\">Ancho<\/span>: 3 cm<\/p>\n<\/li>\n<li class=\"ui-pdp-list__item\">\n<p class=\"ui-pdp-family--REGULAR ui-pdp-list__text\"><span class=\"ui-pdp-color--BLACK ui-pdp-size--XSMALL ui-pdp-family--BOLD\">Peso<\/span>: 1 kg<\/p>\n<\/li>\n<\/ul>\n<ul class=\"ui-pdp-list__wrapper\">\n<li class=\"ui-pdp-list__item\"><span class=\"ui-pdp-color--BLACK ui-pdp-size--XSMALL ui-pdp-family--BOLD\">Coautores<\/span>: FEUM<\/li>\n<\/ul>\n<ul class=\"ui-pdp-list__wrapper\">\n<li class=\"ui-pdp-list__item\">\n<p class=\"ui-pdp-family--REGULAR ui-pdp-list__text\"><span class=\"ui-pdp-color--BLACK ui-pdp-size--XSMALL ui-pdp-family--BOLD\">G\u00e9nero del libro<\/span>: NORMATIVO,FARMACIA<\/p>\n<\/li>\n<li class=\"ui-pdp-list__item\">\n<p class=\"ui-pdp-family--REGULAR ui-pdp-list__text\"><span class=\"ui-pdp-color--BLACK ui-pdp-size--XSMALL ui-pdp-family--BOLD\">Subg\u00e9neros del libro<\/span>: insumos para la salud<\/p>\n<\/li>\n<\/ul>\n<ul class=\"ui-pdp-list__wrapper\">\n<li class=\"ui-pdp-list__item\">Encuadernado: pasta dura<\/li>\n<\/ul>\n<h2><\/h2>\n<h2 style=\"text-align: left\"><strong>Env\u00edo Incluido<\/strong><\/h2>\n<p>Se env\u00eda el mismo d\u00eda, si la compra es realizada antes de las 1 pm<\/p>\n<p>&nbsp;<\/p>\n<h2><b>Facturaci\u00f3n<\/b><\/h2>\n<p>Solicitar factura una vez realizada la compra. El costo de la publicaci\u00f3n ya incluye IVA.<\/p>\n<p>&nbsp;<\/p>\n<h2 style=\"text-align: left\"><strong>EVITA MULTA, ACTUALIZA TU DOCUMENTACI\u00d3N\u00a0 Y REGISTRA TUS ACTIVIDADES<\/strong><\/h2>\n<p>Cualquier duda cont\u00e1ctanos.<\/p>\n<p><a href=\"https:\/\/wa.link\/fajlpw\">WhatApp: +52 2215283194<\/a><\/p>\n<p><a href=\"https:\/\/www.youtube.com\/@asesoresqfyb\">VISITA NUESTRO CANAL\u00a0 EN YOUTUBE<\/a><\/p>\n","protected":false},"excerpt":{"rendered":"<p>Suplemento para establecimientos dedicados a la venta y suministro de medicamentos, dispositivos m\u00e9dicos y dem\u00e1s insumos para la salud 7.0 &nbsp; LIBRO ORIGINAL Este libro es un requisito solicitado por la COFEPRIS, e indica la correcta operaci\u00f3n de farmacias y almacenes de medicamentos. Caracter\u00edsticas Cantidad de p\u00e1ginas: 260 Altura: 29 cm Ancho: 3 cm Peso: [&hellip;]<\/p>\n","protected":false},"featured_media":1595,"comment_status":"open","ping_status":"closed","template":"","meta":{"om_disable_all_campaigns":false,"_monsterinsights_skip_tracking":false,"_monsterinsights_sitenote_active":false,"_monsterinsights_sitenote_note":"","_monsterinsights_sitenote_category":0},"product_brand":[],"product_cat":[36,22],"product_tag":[41,26],"class_list":{"0":"post-152","1":"product","2":"type-product","3":"status-publish","4":"has-post-thumbnail","6":"product_cat-almacen","7":"product_cat-farmacia","8":"product_tag-farmacopea","9":"product_tag-feum","11":"first","12":"instock","13":"virtual","14":"taxable","15":"purchasable","16":"product-type-simple"},"aioseo_notices":[],"_links":{"self":[{"href":"https:\/\/www.asesoresqfyb.com\/index.php\/wp-json\/wp\/v2\/product\/152","targetHints":{"allow":["GET"]}}],"collection":[{"href":"https:\/\/www.asesoresqfyb.com\/index.php\/wp-json\/wp\/v2\/product"}],"about":[{"href":"https:\/\/www.asesoresqfyb.com\/index.php\/wp-json\/wp\/v2\/types\/product"}],"replies":[{"embeddable":true,"href":"https:\/\/www.asesoresqfyb.com\/index.php\/wp-json\/wp\/v2\/comments?post=152"}],"wp:featuredmedia":[{"embeddable":true,"href":"https:\/\/www.asesoresqfyb.com\/index.php\/wp-json\/wp\/v2\/media\/1595"}],"wp:attachment":[{"href":"https:\/\/www.asesoresqfyb.com\/index.php\/wp-json\/wp\/v2\/media?parent=152"}],"wp:term":[{"taxonomy":"product_brand","embeddable":true,"href":"https:\/\/www.asesoresqfyb.com\/index.php\/wp-json\/wp\/v2\/product_brand?post=152"},{"taxonomy":"product_cat","embeddable":true,"href":"https:\/\/www.asesoresqfyb.com\/index.php\/wp-json\/wp\/v2\/product_cat?post=152"},{"taxonomy":"product_tag","embeddable":true,"href":"https:\/\/www.asesoresqfyb.com\/index.php\/wp-json\/wp\/v2\/product_tag?post=152"}],"curies":[{"name":"wp","href":"https:\/\/api.w.org\/{rel}","templated":true}]}}