{"id":1486,"date":"2025-11-10T20:21:28","date_gmt":"2025-11-11T03:21:28","guid":{"rendered":"https:\/\/www.asesoresqfyb.com\/?post_type=product&#038;p=1486"},"modified":"2026-03-19T13:45:08","modified_gmt":"2026-03-19T20:45:08","slug":"pno-para-farmacia-hospitalaria","status":"publish","type":"product","link":"https:\/\/www.asesoresqfyb.com\/index.php\/product\/pno-para-farmacia-hospitalaria\/","title":{"rendered":"PNO para Farmacia Hospitalaria"},"content":{"rendered":"<p>Sabemos que la operaci\u00f3n dentro de una farmacia hospitalaria requiere un control riguroso, seguro y alineado con los lineamientos solicitados por la COFEPRIS. Por ello, desarrollamos un paquete de PNO\u00b4s dise\u00f1ados especificamente para farmacias dentro de hospitales que buscan garantizar la trazabiliadad, seguridad del paciente y cumplimiento normativo.<\/p>\n<p>Nuestros PNOs estan elaborados de forma general, por lo cual solo necesitas ajustarlos a tus procesos especifico.<\/p>\n<p><strong>Ahorrando tiempo,\u00a0 facilitando auditor\u00edas y aprobaciones regulatarias.<\/strong><\/p>\n<p>Estos\u00a0<a href=\"https:\/\/www.asesoresqfyb.com\/index.php\/2023\/11\/03\/procedimientos-normalizados-de-operacion\/\">procedimientos<\/a> se encuentran actualizados\u00a0 con base al <strong>suplemento para farmacias 7.0<\/strong>, Ley General de Salud y Reglamento de insumos para la salud.<\/p>\n<p>&nbsp;<\/p>\n<h1><strong>EL PAQUETE INCLUYE:<\/strong><\/h1>\n<p>-42 Procedimientos Normalizados de Operaci\u00f3n (PNO) para Farmacia Hospitalaria<\/p>\n<p>-50\u00a0 Formatos para realizar los registros<\/p>\n<p>-3 Pol\u00edticas<\/p>\n<p>&nbsp;<\/p>\n<h2><b>PERSONALIZACI\u00d3N DE PNOs\u00a0<\/b><\/h2>\n<p>La documentaci\u00f3n se personaliza con los datos de su farmacia:<\/p>\n<p>-Nombre y logotipo de su farmacia<\/p>\n<p>-Nombre y puesto de 3 personas (elabor\u00f3, revis\u00f3 y autoriz\u00f3).<\/p>\n<h2><\/h2>\n<h2>NOTA IMPORTANTE:<\/h2>\n<ul>\n<li>Estos PNO\u00b4s representan un apoyo documental que le aplican entre un 80-90 % de las actividades de la farmacia, sin embargo,\u00a0 <strong>deber\u00e1n ser robustecidos y ajustados a su proceso espec\u00edfico <\/strong>\u00a0<strong>y\/o recomendaciones del verificador sanitario<\/strong>. As\u00ed mismo, si es necesario deberan complementar con m\u00e1s PNO\u00b4s dependiendo de sus actividades.<\/li>\n<li>Recuerda que no solo se audita la documentaci\u00f3n, sino tambi\u00e9n registros de actividades.<\/li>\n<\/ul>\n<p>&nbsp;<\/p>\n<h2><b>ENV\u00cdO\u00a0<\/b><\/h2>\n<p>-La documentaci\u00f3n se env\u00eda en\u00a0<strong>formato digital 100% editable (formato word), a trav\u00e9s de un correo electr\u00f3nico<\/strong>.<\/p>\n<p>&nbsp;<\/p>\n<h2><b>TIEMPO DE ENV\u00cdO<\/b><\/h2>\n<p>2 d\u00edas h\u00e1biles, una vez acreditado el pago y confirmado los datos para personalizar los documentos.<\/p>\n<p>&nbsp;<\/p>\n<h2><b>FACTURACI\u00d3N<\/b><\/h2>\n<p>Solicitar factura una vez realizada la compra. El costo de la publicaci\u00f3n\u00a0 \u00a0incluye IVA.<\/p>\n<p>&nbsp;<\/p>\n<h2>LISTA DE PNO<\/h2>\n<ol>\n<li>Elaboraci\u00f3n de Procedimientos Normalizados de Operaci\u00f3n.<\/li>\n<li>Buenas Pr\u00e1cticas de Documentaci\u00f3n<\/li>\n<li>Control de Documentos<\/li>\n<li>Capacitaci\u00f3n, evaluaci\u00f3n y calificaci\u00f3n del personal<\/li>\n<li>Manejo y conservaci\u00f3n de medicamentos y dem\u00e1s Insumos para la Salud.<\/li>\n<li>Limpieza de \u00e1reas, mobiliario, medicamentos y dem\u00e1s Insumos para la Salud.<\/li>\n<li>Funciones y Mecanismos del COFAT<\/li>\n<li>Criterios de Eficacia y Seguridad para la selecci\u00f3n de medicamentos<\/li>\n<li>Adquisici\u00f3n de medicamentos y dem\u00e1s Insumos para la Salud.<\/li>\n<li>Recepci\u00f3n y registro de medicamentos y dem\u00e1s Insumos para la Salud.<\/li>\n<li>Manejo de sospecha de medicamentos falsificados.<\/li>\n<li>Manejo y dispensaci\u00f3n de antimicrobianos<\/li>\n<li>Manejo de medicamentos controlados<\/li>\n<li>Manejo medicamentos Red Fr\u00eda<\/li>\n<li>Entradas y Salidas que incluyan presentaci\u00f3n, lote y caducidad<\/li>\n<li>Control y registro de distribuci\u00f3n de medicamentos aplicando PEPS y PCPS.<\/li>\n<li>Control de existencias de medicamentos y dem\u00e1s Insumos para la Salud.<\/li>\n<li>Devoluci\u00f3n de medicamentos y dem\u00e1s Insumos para la Salud a proveedores<\/li>\n<li>Validaci\u00f3n de Prescripci\u00f3n M\u00e9dica<\/li>\n<li>Medios para contactar al m\u00e9dico tratante<\/li>\n<li>Dispensaci\u00f3n de Medicamentos<\/li>\n<li>Distribuci\u00f3n por existencia y por prescripci\u00f3n<\/li>\n<li>Control y trazabilidad durante la distribuci\u00f3n de medicamentos<\/li>\n<li>Devoluci\u00f3n de medicamentos no administrados<\/li>\n<li>Auditor\u00edas t\u00e9cnicas internas (o autoinspecci\u00f3n) y externas<\/li>\n<li>Manejo de desviaciones o no conformidades.<\/li>\n<li>Prevenci\u00f3n y control de la fauna nociva, que incluya programa de actividades y acciones preventivas<\/li>\n<li>Destrucci\u00f3n (o inhabilitaci\u00f3n) de medicamentos y dem\u00e1s Insumos para la Salud<\/li>\n<li>Medidas de seguridad e higiene de personal<\/li>\n<li>Atenci\u00f3n de contingencias para prevenir su impacto en la calidad y conservaci\u00f3n<\/li>\n<li>Notificaci\u00f3n de sospechas de reacciones e incidentes adversos.<\/li>\n<li>Denuncia a la Autoridad Sanitaria de todo hecho, acto u omisi\u00f3n<\/li>\n<li>Retiro de producto del mercado y notificaci\u00f3n a la Secretar\u00eda de Salud<\/li>\n<li>Recepci\u00f3n, atenci\u00f3n y soluci\u00f3n de quejas de los usuarios.<\/li>\n<li>Calibraci\u00f3n y mantenimiento de los instrumentos de medici\u00f3n<\/li>\n<li>Mantenimiento preventivo y correctivo de instrumentos, instalaciones y mobiliario<\/li>\n<li>Elaboraci\u00f3n del perfil Farmacoterap\u00e9utico<\/li>\n<li>Conciliaci\u00f3n de medicamentos<\/li>\n<li>Control y uso del carro de paro<\/li>\n<li>Uso y manejo de medicamentos de alto riesgo<\/li>\n<li>Gesti\u00f3n de riesgo<\/li>\n<li>Control de cambios<\/li>\n<\/ol>\n<p>&nbsp;<\/p>\n<p><strong>LISTA DE FORMATOS<\/strong><\/p>\n<ol>\n<li>Lsta maestra de documentos<\/li>\n<li>Cat\u00e1logo de firmas<\/li>\n<li>Diagn\u00f3stico de Necesidades Capacitaci\u00f3n<\/li>\n<li>Programa De Capacitaci\u00f3n Anual<\/li>\n<li>Lista de Asistencia a Cursos<\/li>\n<li>Formato de Evaluaciones<\/li>\n<li>Calificaci\u00f3n del personal<\/li>\n<li>Registro de temperatura y humedad ambiental<\/li>\n<li>Registro de temperatura de refrigeradores<\/li>\n<li>Limpieza de \u00e1reas, mobiliario y estantes de medicamentos<\/li>\n<li>Calendarizaci\u00f3n de sesiones<\/li>\n<li>Minuta de sesi\u00f3n ordinaria<\/li>\n<li>Minuta de sesi\u00f3n extraordinaria<\/li>\n<li>Lista de Asistencia<\/li>\n<li>Difusi\u00f3n de acuerdos del COFAT<\/li>\n<li>Acta de Instalaci\u00f3n del COFAT<\/li>\n<li>Programa de trabajo del COFAT<\/li>\n<li>Faltantes de Medicamentos<\/li>\n<li>Programaci\u00f3n Mensual de Compras<\/li>\n<li>Registro de Entradas y Salidas de Medicamentos (Kardex)<\/li>\n<li>Registro de Control de Antibi\u00f3ticos<\/li>\n<li>Devoluci\u00f3n de Medicamentos controlados<\/li>\n<li>Bit\u00e1cora de Recepci\u00f3n de Red Fr\u00eda<\/li>\n<li>Entradas y Salidas de Medicamentos (Kardex)<\/li>\n<li>Control de Existencias<\/li>\n<li>Devoluci\u00f3n a proveedores<\/li>\n<li>Solicitud de medicamentos por parte de<\/li>\n<li>Devoluci\u00f3n de medicamentos No administrados<\/li>\n<li>Control de incidencias en devoluci\u00f3n<\/li>\n<li>Programa Anual de Auditor\u00edas Internas<\/li>\n<li>Lista de Verificaci\u00f3n<\/li>\n<li>Reporte de auditor\u00eda<\/li>\n<li>Cierre de Auditorias<\/li>\n<li>Desviaciones o No conformidades<\/li>\n<li>Causa-Ra\u00edz y CAPAS<\/li>\n<li>Programa Anual de Fauna Nociva<\/li>\n<li>Registro y Destrucci\u00f3n de medicamento caduco, deteriorado o rechazado<\/li>\n<li>Retiro de Producto del mercado<\/li>\n<li>Quejas y sugerencias<\/li>\n<li>Programa de Calibraci\u00f3n de Instrumentos<\/li>\n<li>Registro de mantenimiento<\/li>\n<li>Perfil Farmacoterap\u00e9utico<\/li>\n<li>Evaluaci\u00f3n de la farmacoterapia<\/li>\n<li>Conciliaci\u00f3n de medicamentos<\/li>\n<li>Registro de apertura de carro de paro<\/li>\n<li>Solicitud de medicamentos<\/li>\n<li>Recepci\u00f3n e ingreso de insumos<\/li>\n<li>Limpieza y desinfecci\u00f3n de carro de paro<\/li>\n<li>Verificaci\u00f3n interna del carro de paro<\/li>\n<li>AMEF<\/li>\n<li>Control de Cambios<\/li>\n<\/ol>\n<p>&nbsp;<\/p>\n<h1><strong>EVITA MULTA, ACTUALIZA TU DOCUMENTACI\u00d3N\u00a0 Y REGISTRA TUS ACTIVIDADES<\/strong><\/h1>\n<p>&nbsp;<\/p>\n<p>Cualquier duda cont\u00e1ctanos.<\/p>\n<p><a href=\"https:\/\/wa.link\/jo1087\">WhatApp: 2215283194<\/a><\/p>\n<p><a href=\"https:\/\/www.youtube.com\/@asesoresqfyb\">VISITA NUESTRO CANAL\u00a0 EN YOUTUBE<\/a><\/p>\n<p>&nbsp;<\/p>\n","protected":false},"excerpt":{"rendered":"<p>Sabemos que la operaci\u00f3n dentro de una farmacia hospitalaria requiere un control riguroso, seguro y alineado con los lineamientos solicitados por la COFEPRIS. Por ello, desarrollamos un paquete de PNO\u00b4s dise\u00f1ados especificamente para farmacias dentro de hospitales que buscan garantizar la trazabiliadad, seguridad del paciente y cumplimiento normativo. Nuestros PNOs estan elaborados de forma general, [&hellip;]<\/p>\n","protected":false},"featured_media":1489,"comment_status":"open","ping_status":"closed","template":"","meta":{"om_disable_all_campaigns":false,"_monsterinsights_skip_tracking":false,"_monsterinsights_sitenote_active":false,"_monsterinsights_sitenote_note":"","_monsterinsights_sitenote_category":0},"product_brand":[],"product_cat":[22],"product_tag":[],"class_list":{"0":"post-1486","1":"product","2":"type-product","3":"status-publish","4":"has-post-thumbnail","6":"product_cat-farmacia","8":"first","9":"instock","10":"virtual","11":"taxable","12":"purchasable","13":"product-type-simple"},"aioseo_notices":[],"_links":{"self":[{"href":"https:\/\/www.asesoresqfyb.com\/index.php\/wp-json\/wp\/v2\/product\/1486","targetHints":{"allow":["GET"]}}],"collection":[{"href":"https:\/\/www.asesoresqfyb.com\/index.php\/wp-json\/wp\/v2\/product"}],"about":[{"href":"https:\/\/www.asesoresqfyb.com\/index.php\/wp-json\/wp\/v2\/types\/product"}],"replies":[{"embeddable":true,"href":"https:\/\/www.asesoresqfyb.com\/index.php\/wp-json\/wp\/v2\/comments?post=1486"}],"wp:featuredmedia":[{"embeddable":true,"href":"https:\/\/www.asesoresqfyb.com\/index.php\/wp-json\/wp\/v2\/media\/1489"}],"wp:attachment":[{"href":"https:\/\/www.asesoresqfyb.com\/index.php\/wp-json\/wp\/v2\/media?parent=1486"}],"wp:term":[{"taxonomy":"product_brand","embeddable":true,"href":"https:\/\/www.asesoresqfyb.com\/index.php\/wp-json\/wp\/v2\/product_brand?post=1486"},{"taxonomy":"product_cat","embeddable":true,"href":"https:\/\/www.asesoresqfyb.com\/index.php\/wp-json\/wp\/v2\/product_cat?post=1486"},{"taxonomy":"product_tag","embeddable":true,"href":"https:\/\/www.asesoresqfyb.com\/index.php\/wp-json\/wp\/v2\/product_tag?post=1486"}],"curies":[{"name":"wp","href":"https:\/\/api.w.org\/{rel}","templated":true}]}}