{"id":1413,"date":"2025-03-07T19:59:50","date_gmt":"2025-03-08T02:59:50","guid":{"rendered":"https:\/\/www.asesoresqfyb.com\/?post_type=product&#038;p=1413"},"modified":"2026-01-05T14:47:02","modified_gmt":"2026-01-05T21:47:02","slug":"descripcion-de-puestos-y-organigrama","status":"publish","type":"product","link":"https:\/\/www.asesoresqfyb.com\/index.php\/product\/descripcion-de-puestos-y-organigrama\/","title":{"rendered":"Descripci\u00f3n de Puestos y Organigrama"},"content":{"rendered":"<h1><span class=\"OYPEnA font-feature-liga-off font-feature-clig-off font-feature-calt-off text-decoration-none text-strikethrough-none\">Cumple satisfactoriamente con tu verificaci\u00f3n sanitaria.\u00a0<\/span><\/h1>\n<p>Revisa nuestro blog \u00ab<a href=\"https:\/\/www.asesoresqfyb.com\/index.php\/2023\/11\/16\/requisitos-para-la-operacion-de-farmacia\/\">Requisitos para la operaci\u00f3n de una farmacia<\/a>\u00ab.<\/p>\n<p>&nbsp;<\/p>\n<h2>Incluye:<\/h2>\n<ul>\n<li>Descripci\u00f3n de Puesto del Auxiliar de Farmacia<\/li>\n<li>Descripci\u00f3n de Puesto del Encargado de Farmacia<\/li>\n<li>Descripci\u00f3n de Puesto del Responsable Sanitario<\/li>\n<li>Organigrama B\u00e1sico para Farmacias<\/li>\n<\/ul>\n<h2><\/h2>\n<h2>Env\u00edo<\/h2>\n<p>Se env\u00eda en formato word 100% editable, para que el cliente le pueda a\u00f1adir los datos de su farmacia<\/p>\n<p>&nbsp;<\/p>\n<h2>Tiempo de env\u00edo<\/h2>\n<p>Si la compra se realiza antes de la 4pm, el env\u00edo se realiza el mismo d\u00eda h\u00e1bil. En caso contrario, la documentaci\u00f3n se enviar\u00e1 el proximo d\u00eda h\u00e1bil.<\/p>\n<p>&nbsp;<\/p>\n<h2>Facturaci\u00f3n<\/h2>\n<p>Solicitar factura una vez realizada la compra. El costo de la publicaci\u00f3n ya incluye IVA.<\/p>\n<p>&nbsp;<\/p>\n<h2>EVITA MULTA, ACTUALIZA TUS PNO Y DEM\u00c1S DOCUMENTACI\u00d3N\u00a0 Y REGISTRA TUS ACTIVIDADES<\/h2>\n<p>Cualquier duda cont\u00e1ctanos.<\/p>\n<p><a href=\"https:\/\/wa.link\/fr4vnd\">WhatApp: +52 2215283194<\/a><\/p>\n<p><a href=\"https:\/\/www.youtube.com\/@asesoresqfyb\">VISITA NUESTRO CANAL\u00a0 EN YOUTUBE<\/a><\/p>\n","protected":false},"excerpt":{"rendered":"<p>Cumple con el expediente de tu personal y la organizaci\u00f3n de tu farmacia. Te ofrecemos descripci\u00f3n de puesto y organigrama.<\/p>\n","protected":false},"featured_media":1414,"comment_status":"open","ping_status":"closed","template":"","meta":{"om_disable_all_campaigns":false,"_monsterinsights_skip_tracking":false,"_monsterinsights_sitenote_active":false,"_monsterinsights_sitenote_note":"","_monsterinsights_sitenote_category":0},"product_brand":[],"product_cat":[22],"product_tag":[],"class_list":{"0":"post-1413","1":"product","2":"type-product","3":"status-publish","4":"has-post-thumbnail","6":"product_cat-farmacia","8":"first","9":"instock","10":"virtual","11":"taxable","12":"purchasable","13":"product-type-simple"},"aioseo_notices":[],"_links":{"self":[{"href":"https:\/\/www.asesoresqfyb.com\/index.php\/wp-json\/wp\/v2\/product\/1413","targetHints":{"allow":["GET"]}}],"collection":[{"href":"https:\/\/www.asesoresqfyb.com\/index.php\/wp-json\/wp\/v2\/product"}],"about":[{"href":"https:\/\/www.asesoresqfyb.com\/index.php\/wp-json\/wp\/v2\/types\/product"}],"replies":[{"embeddable":true,"href":"https:\/\/www.asesoresqfyb.com\/index.php\/wp-json\/wp\/v2\/comments?post=1413"}],"wp:featuredmedia":[{"embeddable":true,"href":"https:\/\/www.asesoresqfyb.com\/index.php\/wp-json\/wp\/v2\/media\/1414"}],"wp:attachment":[{"href":"https:\/\/www.asesoresqfyb.com\/index.php\/wp-json\/wp\/v2\/media?parent=1413"}],"wp:term":[{"taxonomy":"product_brand","embeddable":true,"href":"https:\/\/www.asesoresqfyb.com\/index.php\/wp-json\/wp\/v2\/product_brand?post=1413"},{"taxonomy":"product_cat","embeddable":true,"href":"https:\/\/www.asesoresqfyb.com\/index.php\/wp-json\/wp\/v2\/product_cat?post=1413"},{"taxonomy":"product_tag","embeddable":true,"href":"https:\/\/www.asesoresqfyb.com\/index.php\/wp-json\/wp\/v2\/product_tag?post=1413"}],"curies":[{"name":"wp","href":"https:\/\/api.w.org\/{rel}","templated":true}]}}