{"id":1405,"date":"2025-03-07T15:39:09","date_gmt":"2025-03-07T22:39:09","guid":{"rendered":"https:\/\/www.asesoresqfyb.com\/?post_type=product&#038;p=1405"},"modified":"2026-03-05T15:17:30","modified_gmt":"2026-03-05T22:17:30","slug":"plano-para-farmacias","status":"publish","type":"product","link":"https:\/\/www.asesoresqfyb.com\/index.php\/product\/plano-para-farmacias\/","title":{"rendered":"PLANO PARA FARMACIAS"},"content":{"rendered":"<h1>\ud83d\ude80 \u00a1CUMPLIMIENTO NORMATIVO SENCILLO Y GARANTIZADO!<\/h1>\n<h1><\/h1>\n<h1><b>PLANO PARA FARMACIAS<\/b><\/h1>\n<p data-path-to-node=\"5\">\u00bfNecesitas el <b>Plano de Distribuci\u00f3n<\/b> de tu farmacia como parte de los requisitos esenciales de COFEPRIS? . Revisa nuestro blog \u00ab<a href=\"https:\/\/www.asesoresqfyb.com\/index.php\/2023\/11\/16\/requisitos-para-la-operacion-de-farmacia\/\">Requisitos para la operaci\u00f3n de una farmacia<\/a>\u00ab.<\/p>\n<p data-path-to-node=\"5\">\u00a1Deja de preocuparte por la complejidad y el tiempo!<\/p>\n<p data-path-to-node=\"6\">Nuestro servicio de <b>PLANO PARA FARMACIAS<\/b> te ofrece una soluci\u00f3n <b>profesional, r\u00e1pida y precisa<\/b> para asegurar que tu establecimiento cumpla con la normativa vigente.<\/p>\n<p>&nbsp;<\/p>\n<h2><b>\u2705 \u00bfPor qu\u00e9 elegir nuestro Plano?<\/b><\/h2>\n<ul data-path-to-node=\"9\">\n<li><b>Ahorro de Tiempo y Esfuerzo:<\/b> Olv\u00eddate de complejas mediciones y software de dise\u00f1o. Solo necesitamos un video corto y las medidas generales de tu local.\u00a0\u00a0Nuestra \u00e1rea de dise\u00f1o cuenta con expertos para ayudarte a generar el plano de distribuci\u00f3n de tu local de forma profesional y precisa.<\/li>\n<li>\n<p data-path-to-node=\"9,2,0\"><b>Entrega R\u00e1pida y Digital:<\/b> Recibe tu plano en formato <b>PDF<\/b> directamente en tu correo electr\u00f3nico en tan solo <b>3 d\u00edas h\u00e1biles<\/b> una vez recibida toda la informaci\u00f3n.<\/p>\n<\/li>\n<\/ul>\n<p>&nbsp;<\/p>\n<h2><b>\ud83d\udce6 \u00bfQu\u00e9 incluye el servicio?<\/b><\/h2>\n<p data-path-to-node=\"12\">Un plano digital profesional que detalla:<\/p>\n<ul data-path-to-node=\"13\">\n<li>\n<p data-path-to-node=\"13,0,0\">Distribuci\u00f3n de \u00e1reas (anaqueles, \u00e1rea de recepci\u00f3n, caja, dispensaci\u00f3n, oficina, sanitarios, etc.).<\/p>\n<\/li>\n<li>Ubicaci\u00f3n de equipos clave y mobiliario.<\/li>\n<\/ul>\n<p>&nbsp;<\/p>\n<h3><b>\ud83d\udcdd Proceso de Adquisici\u00f3n (\u00a1S\u00faper Sencillo!)<\/b><\/h3>\n<ol start=\"1\" data-path-to-node=\"15\">\n<li>\n<p data-path-to-node=\"15,0,0\"><b>Compra y Contacto:<\/b> Adquiere el <i>PLANO PARA FARMACIAS<\/i>. Nos pondremos en contacto contigo.<\/p>\n<\/li>\n<li>\n<p data-path-to-node=\"15,1,0\"><b>Env\u00edo de Informaci\u00f3n:<\/b> Nos proporcionar\u00e1s un <b>video corto<\/b> de tu establecimiento y las <b>medidas<\/b> del local.<\/p>\n<\/li>\n<li>\n<p data-path-to-node=\"15,2,0\"><b>Entrega:<\/b> En <b>3 d\u00edas h\u00e1biles<\/b>, tendr\u00e1s tu plano listo en PDF para presentarlo ante COFEPRIS. El Env\u00edo se realiza a trav\u00e9s de un correo electr\u00f3nico.<\/p>\n<\/li>\n<li>\n<p data-path-to-node=\"15,2,0\"><strong>Facturaci\u00f3n:<\/strong> Solicitar factura una vez realizada la compra. El costo de la publicaci\u00f3n ya incluye IVA.<\/p>\n<\/li>\n<\/ol>\n<h2 style=\"text-align: center\" data-path-to-node=\"17\"><b>\u00a1Evita problemas en la operatividad de tu negocio!<\/b> Invierte en tranquilidad y cumple con la normativa de manera profesional.<\/h2>\n<hr data-path-to-node=\"18\" \/>\n<p data-path-to-node=\"20\"><b>\u00a1Adquiere tu PLANO PARA FARMACIAS hoy y enf\u00f3cate en lo m\u00e1s importante: en la atenci\u00f3n a tus clientes!<\/b><\/p>\n<p>Cualquier duda cont\u00e1ctanos.<\/p>\n<p><a href=\"https:\/\/wa.link\/ey3wqp\">WhatApp: +52 2215283194<\/a><\/p>\n<p><a href=\"https:\/\/www.youtube.com\/@asesoresqfyb\">VISITA NUESTRO CANAL\u00a0 EN YOUTUBE<\/a><\/p>\n<p>&nbsp;<\/p>\n<h1><span class=\"OYPEnA font-feature-liga-off font-feature-clig-off font-feature-calt-off text-decoration-none text-strikethrough-none\">Mejora tus documentos y cumple satisfactoriamente tus verificaciones sanitarias\u00a0<\/span><\/h1>\n","protected":false},"excerpt":{"rendered":"<p>No falles en las verificaciones sanitarias. Te hacemos el plano de tu farmacia, s\u00f3lo nos env\u00edas el bosquejo a mano y nosotros te enviamos un plano en pdf.<\/p>\n","protected":false},"featured_media":1410,"comment_status":"open","ping_status":"closed","template":"","meta":{"om_disable_all_campaigns":false,"_monsterinsights_skip_tracking":false,"_monsterinsights_sitenote_active":false,"_monsterinsights_sitenote_note":"","_monsterinsights_sitenote_category":0},"product_brand":[],"product_cat":[22],"product_tag":[],"class_list":{"0":"post-1405","1":"product","2":"type-product","3":"status-publish","4":"has-post-thumbnail","6":"product_cat-farmacia","8":"first","9":"instock","10":"virtual","11":"taxable","12":"purchasable","13":"product-type-simple"},"aioseo_notices":[],"_links":{"self":[{"href":"https:\/\/www.asesoresqfyb.com\/index.php\/wp-json\/wp\/v2\/product\/1405","targetHints":{"allow":["GET"]}}],"collection":[{"href":"https:\/\/www.asesoresqfyb.com\/index.php\/wp-json\/wp\/v2\/product"}],"about":[{"href":"https:\/\/www.asesoresqfyb.com\/index.php\/wp-json\/wp\/v2\/types\/product"}],"replies":[{"embeddable":true,"href":"https:\/\/www.asesoresqfyb.com\/index.php\/wp-json\/wp\/v2\/comments?post=1405"}],"wp:featuredmedia":[{"embeddable":true,"href":"https:\/\/www.asesoresqfyb.com\/index.php\/wp-json\/wp\/v2\/media\/1410"}],"wp:attachment":[{"href":"https:\/\/www.asesoresqfyb.com\/index.php\/wp-json\/wp\/v2\/media?parent=1405"}],"wp:term":[{"taxonomy":"product_brand","embeddable":true,"href":"https:\/\/www.asesoresqfyb.com\/index.php\/wp-json\/wp\/v2\/product_brand?post=1405"},{"taxonomy":"product_cat","embeddable":true,"href":"https:\/\/www.asesoresqfyb.com\/index.php\/wp-json\/wp\/v2\/product_cat?post=1405"},{"taxonomy":"product_tag","embeddable":true,"href":"https:\/\/www.asesoresqfyb.com\/index.php\/wp-json\/wp\/v2\/product_tag?post=1405"}],"curies":[{"name":"wp","href":"https:\/\/api.w.org\/{rel}","templated":true}]}}