{"id":135,"date":"2022-06-21T22:38:23","date_gmt":"2022-06-22T05:38:23","guid":{"rendered":"http:\/\/192.168.1.83\/?post_type=product&#038;p=135"},"modified":"2026-03-08T14:44:07","modified_gmt":"2026-03-08T21:44:07","slug":"28-procedimientos-pnos-para-farmacia-version-digital","status":"publish","type":"product","link":"https:\/\/www.asesoresqfyb.com\/index.php\/product\/28-procedimientos-pnos-para-farmacia-version-digital\/","title":{"rendered":"Paquete de PNO para Farmacia 2026, VERSI\u00d3N DIGITAL"},"content":{"rendered":"<h1>Paquete<strong> de PNOs\u00a0 para Farmacias Comunitarias<\/strong><\/h1>\n<p style=\"text-align: left\">\u00bfEres propietario o responsable sanitario de una farmacia? Asegura la <b>operaci\u00f3n legal\u00a0 <\/b>(\u00ab<a href=\"https:\/\/www.asesoresqfyb.com\/index.php\/2023\/11\/16\/requisitos-para-la-operacion-de-farmacia\/\">Requisitos para la Operaci\u00f3n de Farmacias<\/a>\u00bb) <b>y eficiente<\/b> de tu establecimiento con nuestro paquete de <strong><a href=\"https:\/\/www.asesoresqfyb.com\/index.php\/2023\/11\/03\/procedimientos-normalizados-de-operacion\/\">Procedimientos Normalizados de Operaci\u00f3n (PNO),<\/a><\/strong> totalmente actualizado a la normativa sanitaria vigente \u00a0en M\u00e9xico (<strong>Suplemento 7.0<\/strong>).<\/p>\n<p><iframe loading=\"lazy\" title=\"Paquete de PNO para Farmacias\" width=\"422\" height=\"750\" src=\"https:\/\/www.youtube.com\/embed\/lm95X49PbWM?feature=oembed\" frameborder=\"0\" allow=\"accelerometer; autoplay; clipboard-write; encrypted-media; gyroscope; picture-in-picture; web-share\" referrerpolicy=\"strict-origin-when-cross-origin\" allowfullscreen><\/iframe><\/p>\n<p>&nbsp;<\/p>\n<h2>\u2705<strong> \u00bfQu\u00e9 Incluye este Paquete?<\/strong><\/h2>\n<ul data-path-to-node=\"5\">\n<li>\n<p data-path-to-node=\"5,0,0\"><b>28 PNOs :<\/b> Personalizados con el Logotipo y Nombre de su establecimiento, as\u00ed como nombre y puesto de quien elabora, revisa y autoriza.<\/p>\n<\/li>\n<li>\n<p data-path-to-node=\"5,1,0\"><b>30 Formatos de Registro:<\/b> Listos para usar y asegurar el cumplimiento en cada proceso diario.<\/p>\n<\/li>\n<\/ul>\n<p><strong data-start=\"1481\" data-end=\"1503\">NOTA:\u00a0<\/strong><\/p>\n<ul>\n<li>En caso necesario, el Responsable Sanitario o propietario (a) deber\u00e1 robustecer los documentos con base a su proceso espec\u00edfico.<\/li>\n<li>El PNO para manejo de medicamentos controlados se vende de forma independiente.<\/li>\n<li>Recuerda que no solo se audita la documentaci\u00f3n, sino tambi\u00e9n registros de actividades.<\/li>\n<li>Estos\u00a0 procedimientos se encuentran actualizados 2026 con base al <strong>suplemento para farmacias 7.0<\/strong>,\u00a0 Ley General de Salud y Reglamento de insumos para la salud.<\/li>\n<\/ul>\n<p>&nbsp;<\/p>\n<h2>\ud83c\udf1f <strong>Beneficios del paquete de PNOs en tu Farmacia<\/strong><\/h2>\n<p data-start=\"1481\" data-end=\"1590\"><strong data-start=\"1481\" data-end=\"1503\"><span style=\"color: #339966\">\u2714<\/span> Cumplimiento sanitario inmediato<\/strong><br data-start=\"1503\" data-end=\"1506\" \/>Evita multas y sanciones\u00a0 durante inspecciones de la COFEPRIS.<\/p>\n<p data-start=\"1481\" data-end=\"1590\"><strong data-start=\"1481\" data-end=\"1503\"><span style=\"color: #339966\">\u2714<\/span> Ahorro de tiempo<\/strong><br data-start=\"1503\" data-end=\"1506\" \/>No pierdas horas redactando documentos t\u00e9cnicos. Recibe todo listo para implementar y enfocarte en tu negocio<\/p>\n<p data-start=\"1592\" data-end=\"1727\"><strong data-start=\"1592\" data-end=\"1640\"><span style=\"color: #339966\">\u2714<\/span> <span data-path-to-node=\"7,3,0,0\"><b>Documentos Personalizados<\/b><\/span><\/strong><br data-start=\"1640\" data-end=\"1643\" \/><span data-path-to-node=\"7,3,1,0\">Los PNOs se entregan <b>personalizados<\/b> con el nombre y logotipo de tu farmacia, y los datos de tu equipo (elabor\u00f3, revis\u00f3, autoriz\u00f3).<\/span><\/p>\n<p data-start=\"1729\" data-end=\"1848\"><strong data-start=\"1729\" data-end=\"1759\"><span style=\"color: #339966\">\u2714<\/span> <span data-path-to-node=\"7,4,0,0\"><b>Totalmente Editable<\/b><\/span><\/strong><br data-start=\"1759\" data-end=\"1762\" \/><span data-path-to-node=\"7,4,1,0\">Se env\u00edan en formato <b>Word<\/b> , permitiendo ajustes menores si son necesarios en el futuro.<\/span><\/p>\n<p>&nbsp;<\/p>\n<h2>\ud83d\udce7<strong> Modalidad y Tiempo de Entrega:<\/strong><\/h2>\n<p data-path-to-node=\"11\">El paquete completo se env\u00eda en <strong>1 d\u00eda h\u00e1bil<\/strong> y en forma segura por <strong>correo electr\u00f3nico<\/strong>, listo para ser implementado.<\/p>\n<h2><\/h2>\n<h2>\ud83c\udfaf<strong> Dirigido a:<\/strong><\/h2>\n<p data-path-to-node=\"9\">Propietarios, gerentes y responsables sanitarios de farmacias que buscan garantizar el cumplimiento normativo con documentaci\u00f3n de alta calidad y precisi\u00f3n.<\/p>\n<h2><\/h2>\n<h2><b>\ud83d\udca1 <\/b><strong>Dudas para implementaci\u00f3n de los PNO\u00b4s<\/strong> <b><\/b><\/h2>\n<p>En caso de tener dudas para implementar su documentaci\u00f3n con gusto le asesoramos\u00a0 por mensaje o llamada.<\/p>\n<h2><\/h2>\n<h2><strong>\ud83d\udc49 \u00a1No pongas en riesgo la operatividad de tu farmacia! Cont\u00e1ctanos hoy mismo<\/strong><\/h2>\n<p><a href=\"https:\/\/wa.link\/oe8g1l\">WhatApp: +52 2215283194<\/a><\/p>\n<p>&nbsp;<\/p>\n<h2><b>FACTURACI\u00d3N<\/b><\/h2>\n<p>Solicitar factura una vez realizada la compra. El costo de la publicaci\u00f3n ya incluye IVA.<\/p>\n<p>&nbsp;<\/p>\n<h2><strong>LISTA DE PNO<\/strong><\/h2>\n<ol>\n<li>Elaboraci\u00f3n de Procedimientos Normalizados de Operaci\u00f3n<\/li>\n<li>Capacitaci\u00f3n que incluya el programa anual, as\u00ed como la realizaci\u00f3n y evaluaci\u00f3n del personal de cada procedimiento<\/li>\n<li>Buenas Pr\u00e1cticas de Documentaci\u00f3n<\/li>\n<li>Control de Documentos<\/li>\n<li>Adquisici\u00f3n de medicamentos y dem\u00e1s insumos para la salud<\/li>\n<li>Recepci\u00f3n de medicamentos y dem\u00e1s insumos para la salud<\/li>\n<li>Registro de medicamentos y dem\u00e1s insumos para la salud<\/li>\n<li>Manejo y conservaci\u00f3n de medicamentos y dem\u00e1s insumos para la salud<\/li>\n<li>Control de existencias de medicamentos y dem\u00e1s insumos para la salud<\/li>\n<li>Venta o suministro de medicamentos y dem\u00e1s insumos para la salud<\/li>\n<li>Manejo, dispensaci\u00f3n y control de antibi\u00f3ticos<\/li>\n<li>Devoluci\u00f3n de medicamentos y dem\u00e1s insumos para la salud a proveedores<\/li>\n<li>Devoluci\u00f3n de medicamentos y dem\u00e1s insumos para la salud de usuarios a la farmacia<\/li>\n<li>Auditor\u00edas t\u00e9cnicas internas (o autoinspecci\u00f3n) y externas<\/li>\n<li>Selecci\u00f3n y calificaci\u00f3n de proveedores<\/li>\n<li>Calibraci\u00f3n y mantenimiento de los instrumentos de medici\u00f3n por instancias autorizadas<\/li>\n<li>Denuncia a la Autoridad Sanitaria de todo hecho, acto u omisi\u00f3n que represente un riesgo o provoque un da\u00f1o a la salud<\/li>\n<li>Destrucci\u00f3n (o inhabilitaci\u00f3n) de medicamentos y dem\u00e1s insumos para la salud, deteriorados o caducos u otros residuos peligrosos.<\/li>\n<li>Medidas de seguridad e higiene de personal que incluyan descripci\u00f3n de la actuaci\u00f3n del personal en casos de siniestro, violencia f\u00edsica o urgencia m\u00e9dica.<\/li>\n<li>Atenci\u00f3n de contingencias para prevenir su impacto en la calidad y conservaci\u00f3n de los medicamentos y dem\u00e1s insumos para la salud.<\/li>\n<li>Manejo de desviaciones o no conformidades.<\/li>\n<li>Limpieza de \u00e1reas, mobiliario, medicamentos y dem\u00e1s insumos para la salud.<\/li>\n<li>Control de la fauna nociva, que incluya programa de actividades y acciones preventivas.<\/li>\n<li>Recepci\u00f3n, atenci\u00f3n y soluci\u00f3n de quejas de los usuarios.<\/li>\n<li>Notificaci\u00f3n de sospechas de reacciones e incidentes adversos.<\/li>\n<li>Mantenimiento preventivo y correctivo de refrigeradores, congeladores, instalaciones y mobiliario.<\/li>\n<li>Retiro de producto del mercado y notificaci\u00f3n a la Secretar\u00eda de Salud.<\/li>\n<li>Gesti\u00f3n de Riesgos<\/li>\n<\/ol>\n<p>&nbsp;<\/p>\n<h1 data-path-to-node=\"13\"><strong>Asegura la tranquilidad de tu negocio y cumple con la normativa sin complicaciones.<\/strong><\/h1>\n<p><a href=\"https:\/\/www.youtube.com\/@asesoresqfyb\">VISITA NUESTRO CANAL\u00a0 EN YOUTUBE<\/a><\/p>\n<p>&nbsp;<\/p>\n","protected":false},"excerpt":{"rendered":"<p>Nuestro paquete de 28 procedimientos, est\u00e1 <strong data-start=\"760\" data-end=\"836\">desarrollado por profesionales qu\u00edmicos expertos en regulaci\u00f3n sanitaria<\/strong> y alineado con el <strong data-start=\"855\" data-end=\"975\">Suplemento para Establecimientos Dedicados a la Venta y Suministro de Medicamentos y Dem\u00e1s Insumos para la Salud 7.0<\/strong>.<\/p>\n<p>&nbsp;<\/p>\n<p><span style=\"color: #ff0000\"><strong>EVITA MULTAS<\/strong><\/span><\/p>\n<p><span style=\"color: #000080\"><strong>Actualiza tu documentaci\u00f3n con los nuevos requisitos solicitados en el <span style=\"color: #800000\">\u00abSuplemento para Farmacias 7.0\u00bb<\/span><\/strong><\/span><\/p>\n<p>&nbsp;<\/p>\n<h2 style=\"text-align: left\"><\/h2>\n","protected":false},"featured_media":1172,"comment_status":"open","ping_status":"closed","template":"","meta":{"om_disable_all_campaigns":false,"_monsterinsights_skip_tracking":false,"_monsterinsights_sitenote_active":false,"_monsterinsights_sitenote_note":"","_monsterinsights_sitenote_category":0},"product_brand":[],"product_cat":[30,22],"product_tag":[77,25,24],"class_list":{"0":"post-135","1":"product","2":"type-product","3":"status-publish","4":"has-post-thumbnail","6":"product_cat-digital","7":"product_cat-farmacia","8":"product_tag-digital","9":"product_tag-farmacia","10":"product_tag-pno","12":"first","13":"instock","14":"featured","15":"virtual","16":"taxable","17":"purchasable","18":"product-type-simple"},"aioseo_notices":[],"_links":{"self":[{"href":"https:\/\/www.asesoresqfyb.com\/index.php\/wp-json\/wp\/v2\/product\/135","targetHints":{"allow":["GET"]}}],"collection":[{"href":"https:\/\/www.asesoresqfyb.com\/index.php\/wp-json\/wp\/v2\/product"}],"about":[{"href":"https:\/\/www.asesoresqfyb.com\/index.php\/wp-json\/wp\/v2\/types\/product"}],"replies":[{"embeddable":true,"href":"https:\/\/www.asesoresqfyb.com\/index.php\/wp-json\/wp\/v2\/comments?post=135"}],"wp:featuredmedia":[{"embeddable":true,"href":"https:\/\/www.asesoresqfyb.com\/index.php\/wp-json\/wp\/v2\/media\/1172"}],"wp:attachment":[{"href":"https:\/\/www.asesoresqfyb.com\/index.php\/wp-json\/wp\/v2\/media?parent=135"}],"wp:term":[{"taxonomy":"product_brand","embeddable":true,"href":"https:\/\/www.asesoresqfyb.com\/index.php\/wp-json\/wp\/v2\/product_brand?post=135"},{"taxonomy":"product_cat","embeddable":true,"href":"https:\/\/www.asesoresqfyb.com\/index.php\/wp-json\/wp\/v2\/product_cat?post=135"},{"taxonomy":"product_tag","embeddable":true,"href":"https:\/\/www.asesoresqfyb.com\/index.php\/wp-json\/wp\/v2\/product_tag?post=135"}],"curies":[{"name":"wp","href":"https:\/\/api.w.org\/{rel}","templated":true}]}}