{"id":1046,"date":"2024-03-06T16:58:00","date_gmt":"2024-03-06T23:58:00","guid":{"rendered":"https:\/\/www.asesoresqfyb.com\/?post_type=product&#038;p=1046"},"modified":"2026-01-05T14:46:15","modified_gmt":"2026-01-05T21:46:15","slug":"curso-digital-programa-anual-de-capacitacion","status":"publish","type":"product","link":"https:\/\/www.asesoresqfyb.com\/index.php\/product\/curso-digital-programa-anual-de-capacitacion\/","title":{"rendered":"Curso Digital  \u00abPrograma Anual de Capacitaci\u00f3n\u00bb"},"content":{"rendered":"<p><strong>Curso Digital \u00abPrograma Anual de Capacitaci\u00f3n para Farmacias y Almacenes de Medicamentos\u00bb<\/strong><\/p>\n<p>En este curso te explicamos como generar el programa anual de capacitaci\u00f3n para tu establecimiento con base al PNO \u00abcapacitaci\u00f3n y evaluaci\u00f3n del personal\u00bb.\u00a0 Abordamos la diferencia entre capacitaci\u00f3n para el personal de nuevo ingreso y capacitaci\u00f3n continua, as\u00ed como los formatos que requieres llenar para comprobar las capacitaciones e integrarlos al expediente del personal.<\/p>\n<p>Con este curso podr\u00e1s tener una gu\u00eda pr\u00e1ctica para generar y cumplir con tu Programa Anual de Capacitaci\u00f3n.<\/p>\n<p>&nbsp;<\/p>\n<p><strong>TEMARIO DEL CURSO<\/strong><\/p>\n<p class=\"cvGsUA direction-ltr align-start para-style-body\"><span class=\"OYPEnA text-decoration-none text-strikethrough-none\">-Introducci\u00f3n<\/span><\/p>\n<p class=\"cvGsUA direction-ltr align-start para-style-body\"><span class=\"OYPEnA text-decoration-none text-strikethrough-none\">-Capacitaci\u00f3n del personal de nuevo ingreso<\/span><\/p>\n<p class=\"cvGsUA direction-ltr align-start para-style-body\"><span class=\"OYPEnA text-decoration-none text-strikethrough-none\">-Capacitaci\u00f3n continua<\/span><\/p>\n<p class=\"cvGsUA direction-ltr align-start para-style-body\"><span class=\"OYPEnA text-decoration-none text-strikethrough-none\">-Detecci\u00f3n de Necesidades<\/span><\/p>\n<p class=\"cvGsUA direction-ltr align-start para-style-body\"><span class=\"OYPEnA text-decoration-none text-strikethrough-none\">-Programa anual de Capacitaci\u00f3n<\/span><\/p>\n<p class=\"cvGsUA direction-ltr align-start para-style-body\"><span class=\"OYPEnA text-decoration-none text-strikethrough-none\">-Evaluaci\u00f3n del personal<\/span><\/p>\n<p class=\"cvGsUA direction-ltr align-start para-style-body\"><span class=\"OYPEnA text-decoration-none text-strikethrough-none\">-Expediente del personal<\/span><\/p>\n<p>&nbsp;<\/p>\n<p><strong>EL CURSO INCLUYE<\/strong>:<\/p>\n<p>-Curso grabado<\/p>\n<p>-Presentaci\u00f3n del curso pdf.<\/p>\n<p>\u2013PNO Capacitaci\u00f3n y Evaluaci\u00f3n del personal<\/p>\n<p>\u2013Formato Detecci\u00f3n de Necesidades de Capacitaci\u00f3n<\/p>\n<p>-Formato Programa Anual de Capacitaci\u00f3n<\/p>\n<p>-Formato lista de asistencia<\/p>\n<p>-Formato evaluaci\u00f3n del personal<\/p>\n<p>-Constancia de participaci\u00f3n con validez oficial<\/p>\n<p>&nbsp;<\/p>\n<p><strong>CARACTER\u00cdSTICAS<\/strong><\/p>\n<p>-El curso es grabado y se env\u00eda a su correo electr\u00f3nico junto con la documentaci\u00f3n y su constancia de participaci\u00f3n<\/p>\n<p>-El PNO y los formatos se env\u00edan en\u00a0 word 100% editable para que los puedan personalizar.<\/p>\n<p>-La presentaci\u00f3n del curso y la constancia de participaci\u00f3n se env\u00eda en formato pdf.<\/p>\n<p>&nbsp;<\/p>\n<p><strong>MODALIDAD<\/strong><\/p>\n<p>-Curso grabado y env\u00edado a su corro electr\u00f3nico, lo que le permite tomarlo en cualquier momento.<\/p>\n<p>&nbsp;<\/p>\n<p>NOTA: Al realizar la compra, env\u00edar correo electr\u00f3nico y nombre completo para generaci\u00f3n de constancia de participaci\u00f3n.<\/p>\n<p>&nbsp;<\/p>\n<p>EVITA MULTA, ACTUALIZA TU DOCUMENTACI\u00d3N\u00a0 Y REGISTRA TUS ACTIVIDADES<\/p>\n<p>Cualquier duda cont\u00e1ctanos.<\/p>\n<p>WhatApp: +52 2215283194<\/p>\n<p>https:\/\/wa.link\/6btz7q<\/p>\n","protected":false},"excerpt":{"rendered":"<p>En este curso te explicamos:<\/p>\n<p class=\"cvGsUA direction-ltr align-start para-style-body\"><span class=\"OYPEnA text-decoration-none text-strikethrough-none\">-Capacitaci\u00f3n del personal de nuevo ingreso<\/span><\/p>\n<p class=\"cvGsUA direction-ltr align-start para-style-body\"><span class=\"OYPEnA text-decoration-none text-strikethrough-none\">-Capacitaci\u00f3n continua<\/span><\/p>\n<p class=\"cvGsUA direction-ltr align-start para-style-body\"><span class=\"OYPEnA text-decoration-none text-strikethrough-none\">-Detecci\u00f3n de Necesidades<\/span><\/p>\n<p class=\"cvGsUA direction-ltr align-start para-style-body\"><span class=\"OYPEnA text-decoration-none text-strikethrough-none\">-Programa anual de Capacitaci\u00f3n<\/span><\/p>\n<p class=\"cvGsUA direction-ltr align-start para-style-body\"><span class=\"OYPEnA text-decoration-none text-strikethrough-none\">-Evaluaci\u00f3n del personal<\/span><\/p>\n<p class=\"cvGsUA direction-ltr align-start para-style-body\"><span class=\"OYPEnA text-decoration-none text-strikethrough-none\">-Expediente del personal<\/span><\/p>\n","protected":false},"featured_media":1050,"comment_status":"open","ping_status":"closed","template":"","meta":{"om_disable_all_campaigns":false,"_monsterinsights_skip_tracking":false,"_monsterinsights_sitenote_active":false,"_monsterinsights_sitenote_note":"","_monsterinsights_sitenote_category":0},"product_brand":[],"product_cat":[82,36,22],"product_tag":[],"class_list":{"0":"post-1046","1":"product","2":"type-product","3":"status-publish","4":"has-post-thumbnail","6":"product_cat-cursos","7":"product_cat-almacen","8":"product_cat-farmacia","10":"first","11":"instock","12":"virtual","13":"taxable","14":"purchasable","15":"product-type-simple"},"aioseo_notices":[],"_links":{"self":[{"href":"https:\/\/www.asesoresqfyb.com\/index.php\/wp-json\/wp\/v2\/product\/1046","targetHints":{"allow":["GET"]}}],"collection":[{"href":"https:\/\/www.asesoresqfyb.com\/index.php\/wp-json\/wp\/v2\/product"}],"about":[{"href":"https:\/\/www.asesoresqfyb.com\/index.php\/wp-json\/wp\/v2\/types\/product"}],"replies":[{"embeddable":true,"href":"https:\/\/www.asesoresqfyb.com\/index.php\/wp-json\/wp\/v2\/comments?post=1046"}],"wp:featuredmedia":[{"embeddable":true,"href":"https:\/\/www.asesoresqfyb.com\/index.php\/wp-json\/wp\/v2\/media\/1050"}],"wp:attachment":[{"href":"https:\/\/www.asesoresqfyb.com\/index.php\/wp-json\/wp\/v2\/media?parent=1046"}],"wp:term":[{"taxonomy":"product_brand","embeddable":true,"href":"https:\/\/www.asesoresqfyb.com\/index.php\/wp-json\/wp\/v2\/product_brand?post=1046"},{"taxonomy":"product_cat","embeddable":true,"href":"https:\/\/www.asesoresqfyb.com\/index.php\/wp-json\/wp\/v2\/product_cat?post=1046"},{"taxonomy":"product_tag","embeddable":true,"href":"https:\/\/www.asesoresqfyb.com\/index.php\/wp-json\/wp\/v2\/product_tag?post=1046"}],"curies":[{"name":"wp","href":"https:\/\/api.w.org\/{rel}","templated":true}]}}