{"id":1039,"date":"2024-02-07T19:31:31","date_gmt":"2024-02-08T02:31:31","guid":{"rendered":"https:\/\/www.asesoresqfyb.com\/?post_type=product&#038;p=1039"},"modified":"2026-01-05T14:46:02","modified_gmt":"2026-01-05T21:46:02","slug":"curso-registro-de-temperatura-y-humedad","status":"publish","type":"product","link":"https:\/\/www.asesoresqfyb.com\/index.php\/product\/curso-registro-de-temperatura-y-humedad\/","title":{"rendered":"Curso Digital Registro de Temperatura y Humedad"},"content":{"rendered":"<p>Curso Digital Registro de Temperatura y Humedad<\/p>\n<p>En este curso te explicamos el correcto manejo y conservaci\u00f3n de medicamentos desde su recepci\u00f3n\u00a0 hasta su disposici\u00f3n final (entrega al cliente o destrucci\u00f3n), siendo el tema de registro de temperatura y humedad un punto primordial y auditable en las Buenas Pr\u00e1cticas De Almacenamiento y Distribuci\u00f3n de medicamentos.<\/p>\n<p>Con este curso podr\u00e1s tener una gu\u00eda para el registro de temperatura y humedad. Adem\u00e1s te servir\u00e1 para cumplir con tu Programa Anual de Capacitaci\u00f3n.<\/p>\n<p>&nbsp;<\/p>\n<p>TEMARIO DEL CURSO<\/p>\n<p>-Manejo y Conservaci\u00f3n de Medicamentos<\/p>\n<p>-Condiciones ambientales permitidas<\/p>\n<p>-\u00bfC\u00f3mo hacer una bit\u00e1cora para el registro?<\/p>\n<p>-\u00bfC\u00f3mo realizar el registro de Temperatura y Humedad?<\/p>\n<p>&nbsp;<\/p>\n<p>EL CURSO INCLUYE:<\/p>\n<p>-Curso grabado<\/p>\n<p>-Presentaci\u00f3n del curso pdf.<\/p>\n<p>&#8211; PNO Manejo y Conservaci\u00f3n de Medicamentos.<\/p>\n<p>&#8211; Formato para Registro de Temperatura y Humedad ambiental<\/p>\n<p>-Formato para Registro de Temperatura de refrigeraci\u00f3n<\/p>\n<p>-Constancia de participaci\u00f3n<\/p>\n<p>&nbsp;<\/p>\n<p>CARACTER\u00cdSTICAS<\/p>\n<p>-El curso es grabado y se env\u00eda a su correo electr\u00f3nico junto con la documentaci\u00f3n y su constancia de participaci\u00f3n<\/p>\n<p>-El PNO y los formatos se env\u00edan en\u00a0 word 100% editable para que los puedan personalizar.<\/p>\n<p>-La presentaci\u00f3n del curso y la constancia de participaci\u00f3n se env\u00eda en formato pdf.<\/p>\n<p>&nbsp;<\/p>\n<p>MODALIDAD<\/p>\n<p>-Curso grabado y env\u00edado a su corro electr\u00f3nico, lo que le permite tomarlo en cualquier momento.<\/p>\n<p>&nbsp;<\/p>\n<p>NOTA: Al realizar la compra, env\u00edar correo electr\u00f3nico y nombre completo para generaci\u00f3n de constancia de participaci\u00f3n.<\/p>\n<p>&nbsp;<\/p>\n<p>EVITA MULTA, ACTUALIZA TU DOCUMENTACI\u00d3N\u00a0 Y REGISTRA TUS ACTIVIDADES<\/p>\n<p>Cualquier duda cont\u00e1ctanos.<\/p>\n<p>WhatsApp: +52 2215283194<\/p>\n<p>https:\/\/wa.link\/ft772d<\/p>\n<p>&nbsp;<\/p>\n","protected":false},"excerpt":{"rendered":"<p>&nbsp;<\/p>\n<p>En este curso te explicamos:<\/p>\n<p>-El correcto manejo y conservaci\u00f3n de medicamentos<\/p>\n<p>-Explicaci\u00f3n del formato para el registro de temperatura y humedad<\/p>\n<p>-\u00bfC\u00f3mo realizar una bit\u00e1cora de registro?<\/p>\n<p>-Condiciones ambientales permitidas<\/p>\n<p>-Registro de Temperatura y Humedad<\/p>\n<p>&nbsp;<\/p>\n","protected":false},"featured_media":1051,"comment_status":"open","ping_status":"closed","template":"","meta":{"om_disable_all_campaigns":false,"_monsterinsights_skip_tracking":false,"_monsterinsights_sitenote_active":false,"_monsterinsights_sitenote_note":"","_monsterinsights_sitenote_category":0},"product_brand":[],"product_cat":[82,36,22],"product_tag":[],"class_list":{"0":"post-1039","1":"product","2":"type-product","3":"status-publish","4":"has-post-thumbnail","6":"product_cat-cursos","7":"product_cat-almacen","8":"product_cat-farmacia","10":"first","11":"instock","12":"virtual","13":"taxable","14":"purchasable","15":"product-type-simple"},"aioseo_notices":[],"_links":{"self":[{"href":"https:\/\/www.asesoresqfyb.com\/index.php\/wp-json\/wp\/v2\/product\/1039","targetHints":{"allow":["GET"]}}],"collection":[{"href":"https:\/\/www.asesoresqfyb.com\/index.php\/wp-json\/wp\/v2\/product"}],"about":[{"href":"https:\/\/www.asesoresqfyb.com\/index.php\/wp-json\/wp\/v2\/types\/product"}],"replies":[{"embeddable":true,"href":"https:\/\/www.asesoresqfyb.com\/index.php\/wp-json\/wp\/v2\/comments?post=1039"}],"wp:featuredmedia":[{"embeddable":true,"href":"https:\/\/www.asesoresqfyb.com\/index.php\/wp-json\/wp\/v2\/media\/1051"}],"wp:attachment":[{"href":"https:\/\/www.asesoresqfyb.com\/index.php\/wp-json\/wp\/v2\/media?parent=1039"}],"wp:term":[{"taxonomy":"product_brand","embeddable":true,"href":"https:\/\/www.asesoresqfyb.com\/index.php\/wp-json\/wp\/v2\/product_brand?post=1039"},{"taxonomy":"product_cat","embeddable":true,"href":"https:\/\/www.asesoresqfyb.com\/index.php\/wp-json\/wp\/v2\/product_cat?post=1039"},{"taxonomy":"product_tag","embeddable":true,"href":"https:\/\/www.asesoresqfyb.com\/index.php\/wp-json\/wp\/v2\/product_tag?post=1039"}],"curies":[{"name":"wp","href":"https:\/\/api.w.org\/{rel}","templated":true}]}}