{"id":615,"date":"2022-10-12T08:58:22","date_gmt":"2022-10-12T15:58:22","guid":{"rendered":"https:\/\/www.asesoresqfyb.com\/?page_id=615"},"modified":"2025-02-08T14:24:40","modified_gmt":"2025-02-08T21:24:40","slug":"normativa-para-almacenes","status":"publish","type":"page","link":"https:\/\/www.asesoresqfyb.com\/index.php\/normativa-para-almacenes\/","title":{"rendered":"NORMATIVA PARA ALMACENES"},"content":{"rendered":"\n<h2 class=\"wp-block-heading has-text-align-center\"><strong>NORMATIVA PARA ALMACENES<\/strong><\/h2>\n\n\n\n<p>Recuerda que los almacenes de medicamentos y dem\u00e1s insumos para la salud est\u00e1n regulados por COFEPRIS bajo la NOM059 numeral 16 \u00abBuenas Pr\u00e1cticas de Almacenamiento y Distribuci\u00f3n\u00bb, FEUM suplemento para el establecimiento dedicados a la venta y suplemento 2020 .  En esta secci\u00f3n encontrar\u00e1s  la documentaci\u00f3n  aplicable a almacenes la cual deber\u00e1 ser fortalecida y autorizada por el Responsable  Sanitario.<\/p>\n\n\n\n<hr class=\"wp-block-separator has-alpha-channel-opacity is-style-wide\" \/>\n\n\n\n<div class=\"wp-block-group alignwide is-layout-constrained wp-container-core-group-is-layout-95208672 wp-block-group-is-layout-constrained\" style=\"padding-top:10rem;padding-bottom:10rem\">\n<div data-wp-interactive=\"core\/file\" class=\"wp-block-file aligncenter\"><object data-wp-bind--hidden=\"!state.hasPdfPreview\" hidden class=\"wp-block-file__embed\" data=\"https:\/\/www.asesoresqfyb.com\/wp-content\/uploads\/2025\/01\/Guia-para-almacen-de-medicamentos.pdf\" type=\"application\/pdf\" style=\"width:100%;height:200px\" aria-label=\"Incrustado de Gu\u00eda para almac\u00e9n de medicamentos.\"><\/object><a id=\"wp-block-file--media-2c76fdd8-b47a-4121-9cb6-3a6511922f43\" href=\"https:\/\/www.asesoresqfyb.com\/wp-content\/uploads\/2025\/01\/Guia-para-almacen-de-medicamentos.pdf\">Gu\u00eda para almac\u00e9n de medicamentos<\/a><a href=\"https:\/\/www.asesoresqfyb.com\/wp-content\/uploads\/2025\/01\/Guia-para-almacen-de-medicamentos.pdf\" class=\"wp-block-file__button wp-element-button\" download aria-describedby=\"wp-block-file--media-2c76fdd8-b47a-4121-9cb6-3a6511922f43\">Descarga<\/a><\/div>\n\n\n\n<div class=\"wp-block-group is-layout-flow wp-block-group-is-layout-flow\">\n<div style=\"height:40px\" aria-hidden=\"true\" class=\"wp-block-spacer\"><\/div>\n\n\n\n<div class=\"wp-block-buttons is-horizontal is-content-justification-left is-layout-flex wp-container-core-buttons-is-layout-20be11b6 wp-block-buttons-is-layout-flex\">\n<div class=\"wp-block-button has-custom-width wp-block-button__width-100 is-style-fill\"><a class=\"wp-block-button__link wp-element-button\" href=\"https:\/\/www.asesoresqfyb.com\/index.php\/2024\/04\/12\/requisitos-para-almacen-de-medicamentos\/\" style=\"border-radius:6px\">Conoce los requisitos que necesitan los almacenes en M\u00e9xcio<\/a><\/div>\n\n\n\n<div class=\"wp-block-button has-custom-width wp-block-button__width-100 is-style-fill\"><a class=\"wp-block-button__link wp-element-button\" href=\"https:\/\/www.gob.mx\/cms\/uploads\/attachment\/file\/172741\/AC-64_Almacenes_de_deposito_y_distribucion_de_medicamentos_e_Insumos.pdf\" style=\"border-radius:6px\">Descarga el Acta de Verificaci\u00f3n para Almacenes de Medicamentos<\/a><\/div>\n\n\n\n<div class=\"wp-block-button has-custom-width wp-block-button__width-100 is-style-fill\"><a class=\"wp-block-button__link wp-element-button\" href=\"https:\/\/www.youtube.com\/watch?v=4GP3FCxArVg\" style=\"border-radius:6px\">\u00bfC\u00f3mo realizar el registro de temperatura y humedad?<\/a><\/div>\n\n\n\n<div class=\"wp-block-button has-custom-width wp-block-button__width-100 is-style-fill\"><a class=\"wp-block-button__link wp-element-button\" href=\"https:\/\/www.asesoresqfyb.com\/index.php\/2023\/11\/03\/procedimientos-normalizados-de-operacion\/\" style=\"border-radius:6px\">\u00bfQu\u00e9 es un PNO?<\/a><\/div>\n\n\n\n<div class=\"wp-block-button has-custom-width wp-block-button__width-100 is-style-fill\"><a class=\"wp-block-button__link wp-element-button\" style=\"border-radius:6px\">Acerca de los anfitriones<\/a><\/div>\n<\/div>\n<\/div>\n<\/div>\n\n\n\n<hr class=\"wp-block-separator has-alpha-channel-opacity is-style-wide\" \/>\n\n\n\n<h2 class=\"wp-block-heading\"><strong>Productos para almacenes<\/strong><\/h2>\n\n\n\n<hr class=\"wp-block-separator has-alpha-channel-opacity is-style-wide\" \/>\n\n\n\n<div style=\"height:36px\" aria-hidden=\"true\" class=\"wp-block-spacer\"><\/div>\n\n\n<div data-align-buttons=\"true\" data-block-name=\"woocommerce\/product-category\" data-categories=\"[36]\" data-orderby=\"title\" class=\"wc-block-grid wp-block-product-category wp-block-woocommerce-product-category wc-block-product-category has-3-columns has-multiple-rows alignwide has-aligned-buttons\"><ul class=\"wc-block-grid__products\"><li class=\"wc-block-grid__product\">\n\t\t\t\t<a href=\"https:\/\/www.asesoresqfyb.com\/index.php\/product\/42-procedimientos-pnos-para-almacen-de-medicamentos\/\" class=\"wc-block-grid__product-link\">\n\t\t\t\t\t<div class=\"wc-block-grid__product-onsale\">\n\t\t\t<span aria-hidden=\"true\">Oferta<\/span>\n\t\t\t<span class=\"screen-reader-text\">Producto en oferta<\/span>\n\t\t<\/div>\n\t\t\t\t\t<div class=\"wc-block-grid__product-image\"><img loading=\"lazy\" decoding=\"async\" width=\"450\" height=\"450\" src=\"https:\/\/www.asesoresqfyb.com\/wp-content\/uploads\/2022\/06\/Post-Instagram-Dia-del-Orgullo-Simple-Beige-16-450x450.jpg\" class=\"attachment-woocommerce_thumbnail size-woocommerce_thumbnail\" alt=\"42 PNO PARA ALMACENES\" srcset=\"https:\/\/www.asesoresqfyb.com\/wp-content\/uploads\/2022\/06\/Post-Instagram-Dia-del-Orgullo-Simple-Beige-16-450x450.jpg 450w, https:\/\/www.asesoresqfyb.com\/wp-content\/uploads\/2022\/06\/Post-Instagram-Dia-del-Orgullo-Simple-Beige-16-300x300.jpg 300w, https:\/\/www.asesoresqfyb.com\/wp-content\/uploads\/2022\/06\/Post-Instagram-Dia-del-Orgullo-Simple-Beige-16-1024x1024.jpg 1024w, https:\/\/www.asesoresqfyb.com\/wp-content\/uploads\/2022\/06\/Post-Instagram-Dia-del-Orgullo-Simple-Beige-16-150x150.jpg 150w, https:\/\/www.asesoresqfyb.com\/wp-content\/uploads\/2022\/06\/Post-Instagram-Dia-del-Orgullo-Simple-Beige-16-768x768.jpg 768w, https:\/\/www.asesoresqfyb.com\/wp-content\/uploads\/2022\/06\/Post-Instagram-Dia-del-Orgullo-Simple-Beige-16-600x600.jpg 600w, https:\/\/www.asesoresqfyb.com\/wp-content\/uploads\/2022\/06\/Post-Instagram-Dia-del-Orgullo-Simple-Beige-16-100x100.jpg 100w, https:\/\/www.asesoresqfyb.com\/wp-content\/uploads\/2022\/06\/Post-Instagram-Dia-del-Orgullo-Simple-Beige-16-120x120.jpg 120w, https:\/\/www.asesoresqfyb.com\/wp-content\/uploads\/2022\/06\/Post-Instagram-Dia-del-Orgullo-Simple-Beige-16.jpg 1080w\" sizes=\"auto, (max-width: 450px) 100vw, 450px\" \/><\/div>\n\t\t\t\t\t<div class=\"wc-block-grid__product-title\">42 PNO PARA ALMACENES<\/div>\n\t\t\t\t<\/a>\n\t\t\t\t<div class=\"wc-block-grid__product-price price\"><del aria-hidden=\"true\"><span class=\"woocommerce-Price-amount amount\">7,100.00<span class=\"woocommerce-Price-currencySymbol\">&#036;<\/span><\/span><\/del> <span class=\"screen-reader-text\">El precio original era: 7,100.00&#036;.<\/span><ins aria-hidden=\"true\"><span class=\"woocommerce-Price-amount amount\">6,000.00<span class=\"woocommerce-Price-currencySymbol\">&#036;<\/span><\/span><\/ins><span class=\"screen-reader-text\">El precio actual es: 6,000.00&#036;.<\/span><\/div>\n\t\t\t\t\n\t\t\t\t<div class=\"wp-block-button wc-block-grid__product-add-to-cart\"><a href=\"\/index.php\/wp-json\/wp\/v2\/pages\/615?add-to-cart=184\" aria-label=\"A\u00f1adir al carrito: &ldquo;42 PNO PARA ALMACENES&rdquo;\" data-quantity=\"1\" data-product_id=\"184\" data-product_sku=\"\" data-price=\"6000\" rel=\"nofollow\" class=\"wp-block-button__link wp-element-button add_to_cart_button ajax_add_to_cart\">A\u00f1adir al carrito<\/a><\/div>\n\t\t\t<\/li><li class=\"wc-block-grid__product\">\n\t\t\t\t<a href=\"https:\/\/www.asesoresqfyb.com\/index.php\/product\/protocolo-de-calificacion-de-area-de-almacen-version-impresa\/\" class=\"wc-block-grid__product-link\">\n\t\t\t\t\t<div class=\"wc-block-grid__product-onsale\">\n\t\t\t<span aria-hidden=\"true\">Oferta<\/span>\n\t\t\t<span class=\"screen-reader-text\">Producto en oferta<\/span>\n\t\t<\/div>\n\t\t\t\t\t<div class=\"wc-block-grid__product-image\"><img loading=\"lazy\" decoding=\"async\" width=\"450\" height=\"450\" src=\"https:\/\/www.asesoresqfyb.com\/wp-content\/uploads\/2022\/07\/calificacion-almacen-1-450x450.jpg\" class=\"attachment-woocommerce_thumbnail size-woocommerce_thumbnail\" alt=\"calificaion-almacen-1\" \/><\/div>\n\t\t\t\t\t<div class=\"wc-block-grid__product-title\">Calificaci\u00f3n de \u00c1rea de Almac\u00e9n<\/div>\n\t\t\t\t<\/a>\n\t\t\t\t<div class=\"wc-block-grid__product-price price\"><del aria-hidden=\"true\"><span class=\"woocommerce-Price-amount amount\">2,800.00<span class=\"woocommerce-Price-currencySymbol\">&#036;<\/span><\/span><\/del> <span class=\"screen-reader-text\">El precio original era: 2,800.00&#036;.<\/span><ins aria-hidden=\"true\"><span class=\"woocommerce-Price-amount amount\">2,200.00<span class=\"woocommerce-Price-currencySymbol\">&#036;<\/span><\/span><\/ins><span class=\"screen-reader-text\">El precio actual es: 2,200.00&#036;.<\/span><\/div>\n\t\t\t\t\n\t\t\t\t<div class=\"wp-block-button wc-block-grid__product-add-to-cart\"><a href=\"\/index.php\/wp-json\/wp\/v2\/pages\/615?add-to-cart=292\" aria-label=\"A\u00f1adir al carrito: &ldquo;Calificaci\u00f3n de \u00c1rea de Almac\u00e9n&rdquo;\" data-quantity=\"1\" data-product_id=\"292\" data-product_sku=\"\" data-price=\"2200\" rel=\"nofollow\" class=\"wp-block-button__link wp-element-button add_to_cart_button ajax_add_to_cart\">A\u00f1adir al carrito<\/a><\/div>\n\t\t\t<\/li><li class=\"wc-block-grid__product\">\n\t\t\t\t<a href=\"https:\/\/www.asesoresqfyb.com\/index.php\/product\/curso-digital-programa-anual-de-capacitacion\/\" class=\"wc-block-grid__product-link\">\n\t\t\t\t\t\n\t\t\t\t\t<div class=\"wc-block-grid__product-image\"><img loading=\"lazy\" decoding=\"async\" width=\"450\" height=\"450\" src=\"https:\/\/www.asesoresqfyb.com\/wp-content\/uploads\/2024\/03\/Diseno-sin-titulo-9-450x450.jpg\" class=\"attachment-woocommerce_thumbnail size-woocommerce_thumbnail\" alt=\"Curso Digital  &quot;Programa Anual de Capacitaci\u00f3n&quot;\" srcset=\"https:\/\/www.asesoresqfyb.com\/wp-content\/uploads\/2024\/03\/Diseno-sin-titulo-9-450x450.jpg 450w, https:\/\/www.asesoresqfyb.com\/wp-content\/uploads\/2024\/03\/Diseno-sin-titulo-9-300x300.jpg 300w, https:\/\/www.asesoresqfyb.com\/wp-content\/uploads\/2024\/03\/Diseno-sin-titulo-9-1024x1024.jpg 1024w, https:\/\/www.asesoresqfyb.com\/wp-content\/uploads\/2024\/03\/Diseno-sin-titulo-9-150x150.jpg 150w, https:\/\/www.asesoresqfyb.com\/wp-content\/uploads\/2024\/03\/Diseno-sin-titulo-9-768x768.jpg 768w, https:\/\/www.asesoresqfyb.com\/wp-content\/uploads\/2024\/03\/Diseno-sin-titulo-9-600x600.jpg 600w, https:\/\/www.asesoresqfyb.com\/wp-content\/uploads\/2024\/03\/Diseno-sin-titulo-9-100x100.jpg 100w, https:\/\/www.asesoresqfyb.com\/wp-content\/uploads\/2024\/03\/Diseno-sin-titulo-9-120x120.jpg 120w, https:\/\/www.asesoresqfyb.com\/wp-content\/uploads\/2024\/03\/Diseno-sin-titulo-9.jpg 1080w\" sizes=\"auto, (max-width: 450px) 100vw, 450px\" \/><\/div>\n\t\t\t\t\t<div class=\"wc-block-grid__product-title\">Curso Digital  \u00abPrograma Anual de Capacitaci\u00f3n\u00bb<\/div>\n\t\t\t\t<\/a>\n\t\t\t\t<div class=\"wc-block-grid__product-price price\"><span class=\"woocommerce-Price-amount amount\">350.00<span class=\"woocommerce-Price-currencySymbol\">&#036;<\/span><\/span><\/div>\n\t\t\t\t\n\t\t\t\t<div class=\"wp-block-button wc-block-grid__product-add-to-cart\"><a href=\"\/index.php\/wp-json\/wp\/v2\/pages\/615?add-to-cart=1046\" aria-label=\"A\u00f1adir al carrito: &ldquo;Curso Digital  &quot;Programa Anual de Capacitaci\u00f3n&quot;&rdquo;\" data-quantity=\"1\" data-product_id=\"1046\" data-product_sku=\"\" data-price=\"350\" rel=\"nofollow\" class=\"wp-block-button__link wp-element-button add_to_cart_button ajax_add_to_cart\">A\u00f1adir al carrito<\/a><\/div>\n\t\t\t<\/li><li class=\"wc-block-grid__product\">\n\t\t\t\t<a href=\"https:\/\/www.asesoresqfyb.com\/index.php\/product\/curso-registro-de-temperatura-y-humedad\/\" class=\"wc-block-grid__product-link\">\n\t\t\t\t\t\n\t\t\t\t\t<div class=\"wc-block-grid__product-image\"><img loading=\"lazy\" decoding=\"async\" width=\"450\" height=\"450\" src=\"https:\/\/www.asesoresqfyb.com\/wp-content\/uploads\/2024\/02\/Registro-de-Temperatura-y-Humedad-7-450x450.jpg\" class=\"attachment-woocommerce_thumbnail size-woocommerce_thumbnail\" alt=\"Curso Digital Registro de Temperatura y Humedad\" srcset=\"https:\/\/www.asesoresqfyb.com\/wp-content\/uploads\/2024\/02\/Registro-de-Temperatura-y-Humedad-7-450x450.jpg 450w, https:\/\/www.asesoresqfyb.com\/wp-content\/uploads\/2024\/02\/Registro-de-Temperatura-y-Humedad-7-300x300.jpg 300w, https:\/\/www.asesoresqfyb.com\/wp-content\/uploads\/2024\/02\/Registro-de-Temperatura-y-Humedad-7-1024x1024.jpg 1024w, https:\/\/www.asesoresqfyb.com\/wp-content\/uploads\/2024\/02\/Registro-de-Temperatura-y-Humedad-7-150x150.jpg 150w, https:\/\/www.asesoresqfyb.com\/wp-content\/uploads\/2024\/02\/Registro-de-Temperatura-y-Humedad-7-768x768.jpg 768w, https:\/\/www.asesoresqfyb.com\/wp-content\/uploads\/2024\/02\/Registro-de-Temperatura-y-Humedad-7-600x600.jpg 600w, https:\/\/www.asesoresqfyb.com\/wp-content\/uploads\/2024\/02\/Registro-de-Temperatura-y-Humedad-7-100x100.jpg 100w, https:\/\/www.asesoresqfyb.com\/wp-content\/uploads\/2024\/02\/Registro-de-Temperatura-y-Humedad-7-120x120.jpg 120w, https:\/\/www.asesoresqfyb.com\/wp-content\/uploads\/2024\/02\/Registro-de-Temperatura-y-Humedad-7.jpg 1080w\" sizes=\"auto, (max-width: 450px) 100vw, 450px\" \/><\/div>\n\t\t\t\t\t<div class=\"wc-block-grid__product-title\">Curso Digital Registro de Temperatura y Humedad<\/div>\n\t\t\t\t<\/a>\n\t\t\t\t<div class=\"wc-block-grid__product-price price\"><span class=\"woocommerce-Price-amount amount\">350.00<span class=\"woocommerce-Price-currencySymbol\">&#036;<\/span><\/span><\/div>\n\t\t\t\t\n\t\t\t\t<div class=\"wp-block-button wc-block-grid__product-add-to-cart\"><a href=\"\/index.php\/wp-json\/wp\/v2\/pages\/615?add-to-cart=1039\" aria-label=\"A\u00f1adir al carrito: &ldquo;Curso Digital Registro de Temperatura y Humedad&rdquo;\" data-quantity=\"1\" data-product_id=\"1039\" data-product_sku=\"\" data-price=\"350\" rel=\"nofollow\" class=\"wp-block-button__link wp-element-button add_to_cart_button ajax_add_to_cart\">A\u00f1adir al carrito<\/a><\/div>\n\t\t\t<\/li><li class=\"wc-block-grid__product\">\n\t\t\t\t<a href=\"https:\/\/www.asesoresqfyb.com\/index.php\/product\/pno-analisis-de-riesgo-y-formato-amef-version-digital\/\" class=\"wc-block-grid__product-link\">\n\t\t\t\t\t\n\t\t\t\t\t<div class=\"wc-block-grid__product-image\"><img loading=\"lazy\" decoding=\"async\" width=\"450\" height=\"450\" src=\"https:\/\/www.asesoresqfyb.com\/wp-content\/uploads\/2022\/07\/Post-Instagram-Dia-del-Orgullo-Simple-Beige-18-450x450.jpg\" class=\"attachment-woocommerce_thumbnail size-woocommerce_thumbnail\" alt=\"PNO de An\u00e1lisis de Riesgo\" srcset=\"https:\/\/www.asesoresqfyb.com\/wp-content\/uploads\/2022\/07\/Post-Instagram-Dia-del-Orgullo-Simple-Beige-18-450x450.jpg 450w, https:\/\/www.asesoresqfyb.com\/wp-content\/uploads\/2022\/07\/Post-Instagram-Dia-del-Orgullo-Simple-Beige-18-300x300.jpg 300w, https:\/\/www.asesoresqfyb.com\/wp-content\/uploads\/2022\/07\/Post-Instagram-Dia-del-Orgullo-Simple-Beige-18-1024x1024.jpg 1024w, https:\/\/www.asesoresqfyb.com\/wp-content\/uploads\/2022\/07\/Post-Instagram-Dia-del-Orgullo-Simple-Beige-18-150x150.jpg 150w, https:\/\/www.asesoresqfyb.com\/wp-content\/uploads\/2022\/07\/Post-Instagram-Dia-del-Orgullo-Simple-Beige-18-768x768.jpg 768w, https:\/\/www.asesoresqfyb.com\/wp-content\/uploads\/2022\/07\/Post-Instagram-Dia-del-Orgullo-Simple-Beige-18-600x600.jpg 600w, https:\/\/www.asesoresqfyb.com\/wp-content\/uploads\/2022\/07\/Post-Instagram-Dia-del-Orgullo-Simple-Beige-18-100x100.jpg 100w, https:\/\/www.asesoresqfyb.com\/wp-content\/uploads\/2022\/07\/Post-Instagram-Dia-del-Orgullo-Simple-Beige-18-120x120.jpg 120w, https:\/\/www.asesoresqfyb.com\/wp-content\/uploads\/2022\/07\/Post-Instagram-Dia-del-Orgullo-Simple-Beige-18.jpg 1080w\" sizes=\"auto, (max-width: 450px) 100vw, 450px\" \/><\/div>\n\t\t\t\t\t<div class=\"wc-block-grid__product-title\">PNO de An\u00e1lisis de Riesgo<\/div>\n\t\t\t\t<\/a>\n\t\t\t\t<div class=\"wc-block-grid__product-price price\"><span class=\"woocommerce-Price-amount amount\">550.00<span class=\"woocommerce-Price-currencySymbol\">&#036;<\/span><\/span><\/div>\n\t\t\t\t\n\t\t\t\t<div class=\"wp-block-button wc-block-grid__product-add-to-cart\"><a href=\"\/index.php\/wp-json\/wp\/v2\/pages\/615?add-to-cart=300\" aria-label=\"A\u00f1adir al carrito: &ldquo;PNO de An\u00e1lisis de Riesgo&rdquo;\" data-quantity=\"1\" data-product_id=\"300\" data-product_sku=\"\" data-price=\"550\" rel=\"nofollow\" class=\"wp-block-button__link wp-element-button add_to_cart_button ajax_add_to_cart\">A\u00f1adir al carrito<\/a><\/div>\n\t\t\t<\/li><li class=\"wc-block-grid__product\">\n\t\t\t\t<a href=\"https:\/\/www.asesoresqfyb.com\/index.php\/product\/sumplemento-de-la-farmacopea-6ta-edicion\/\" class=\"wc-block-grid__product-link\">\n\t\t\t\t\t\n\t\t\t\t\t<div class=\"wc-block-grid__product-image\"><img loading=\"lazy\" decoding=\"async\" width=\"450\" height=\"450\" src=\"https:\/\/www.asesoresqfyb.com\/wp-content\/uploads\/2022\/06\/LIBRO-DE-CONTROL-PARA-FARMACIAS-3-450x450.png\" class=\"attachment-woocommerce_thumbnail size-woocommerce_thumbnail\" alt=\"Suplemento  7.0\" srcset=\"https:\/\/www.asesoresqfyb.com\/wp-content\/uploads\/2022\/06\/LIBRO-DE-CONTROL-PARA-FARMACIAS-3-450x450.png 450w, https:\/\/www.asesoresqfyb.com\/wp-content\/uploads\/2022\/06\/LIBRO-DE-CONTROL-PARA-FARMACIAS-3-300x300.png 300w, https:\/\/www.asesoresqfyb.com\/wp-content\/uploads\/2022\/06\/LIBRO-DE-CONTROL-PARA-FARMACIAS-3-1024x1024.png 1024w, https:\/\/www.asesoresqfyb.com\/wp-content\/uploads\/2022\/06\/LIBRO-DE-CONTROL-PARA-FARMACIAS-3-150x150.png 150w, https:\/\/www.asesoresqfyb.com\/wp-content\/uploads\/2022\/06\/LIBRO-DE-CONTROL-PARA-FARMACIAS-3-768x768.png 768w, https:\/\/www.asesoresqfyb.com\/wp-content\/uploads\/2022\/06\/LIBRO-DE-CONTROL-PARA-FARMACIAS-3-600x600.png 600w, https:\/\/www.asesoresqfyb.com\/wp-content\/uploads\/2022\/06\/LIBRO-DE-CONTROL-PARA-FARMACIAS-3-100x100.png 100w, https:\/\/www.asesoresqfyb.com\/wp-content\/uploads\/2022\/06\/LIBRO-DE-CONTROL-PARA-FARMACIAS-3-120x120.png 120w, https:\/\/www.asesoresqfyb.com\/wp-content\/uploads\/2022\/06\/LIBRO-DE-CONTROL-PARA-FARMACIAS-3.png 1080w\" sizes=\"auto, (max-width: 450px) 100vw, 450px\" \/><\/div>\n\t\t\t\t\t<div class=\"wc-block-grid__product-title\">Suplemento  7.0<\/div>\n\t\t\t\t<\/a>\n\t\t\t\t<div class=\"wc-block-grid__product-price price\"><span class=\"woocommerce-Price-amount amount\">2,600.00<span class=\"woocommerce-Price-currencySymbol\">&#036;<\/span><\/span><\/div>\n\t\t\t\t\n\t\t\t\t<div class=\"wp-block-button wc-block-grid__product-add-to-cart\"><a href=\"\/index.php\/wp-json\/wp\/v2\/pages\/615?add-to-cart=152\" aria-label=\"A\u00f1adir al carrito: &ldquo;Suplemento  7.0&rdquo;\" data-quantity=\"1\" data-product_id=\"152\" data-product_sku=\"\" data-price=\"2600\" rel=\"nofollow\" class=\"wp-block-button__link wp-element-button add_to_cart_button ajax_add_to_cart\">A\u00f1adir al carrito<\/a><\/div>\n\t\t\t<\/li><li class=\"wc-block-grid__product\">\n\t\t\t\t<a href=\"https:\/\/www.asesoresqfyb.com\/index.php\/product\/termohigrometro-calibrado-htc-1\/\" class=\"wc-block-grid__product-link\">\n\t\t\t\t\t\n\t\t\t\t\t<div class=\"wc-block-grid__product-image\"><img loading=\"lazy\" decoding=\"async\" width=\"450\" height=\"450\" src=\"https:\/\/www.asesoresqfyb.com\/wp-content\/uploads\/2022\/08\/termohigrometro-450x450.jpg\" class=\"attachment-woocommerce_thumbnail size-woocommerce_thumbnail\" alt=\"termohigrometro-asesores\" srcset=\"https:\/\/www.asesoresqfyb.com\/wp-content\/uploads\/2022\/08\/termohigrometro-450x450.jpg 450w, https:\/\/www.asesoresqfyb.com\/wp-content\/uploads\/2022\/08\/termohigrometro-150x150.jpg 150w, https:\/\/www.asesoresqfyb.com\/wp-content\/uploads\/2022\/08\/termohigrometro-100x100.jpg 100w, https:\/\/www.asesoresqfyb.com\/wp-content\/uploads\/2022\/08\/termohigrometro-120x120.jpg 120w\" sizes=\"auto, (max-width: 450px) 100vw, 450px\" \/><\/div>\n\t\t\t\t\t<div class=\"wc-block-grid__product-title\">Termohigr\u00f3metro calibrado HTC-1<\/div>\n\t\t\t\t<\/a>\n\t\t\t\t<div class=\"wc-block-grid__product-price price\"><span class=\"woocommerce-Price-amount amount\">1,350.00<span class=\"woocommerce-Price-currencySymbol\">&#036;<\/span><\/span><\/div>\n\t\t\t\t\n\t\t\t\t<div class=\"wp-block-button wc-block-grid__product-add-to-cart\"><a href=\"\/index.php\/wp-json\/wp\/v2\/pages\/615?add-to-cart=455\" aria-label=\"A\u00f1adir al carrito: &ldquo;Termohigr\u00f3metro calibrado HTC-1&rdquo;\" data-quantity=\"1\" data-product_id=\"455\" data-product_sku=\"\" data-price=\"1350\" rel=\"nofollow\" class=\"wp-block-button__link wp-element-button add_to_cart_button ajax_add_to_cart\">A\u00f1adir al carrito<\/a><\/div>\n\t\t\t<\/li><\/ul><\/div>\n\n\n<div style=\"height:27px\" aria-hidden=\"true\" class=\"wp-block-spacer\"><\/div>\n\n\n\n<hr class=\"wp-block-separator has-alpha-channel-opacity is-style-dots\" \/>\n","protected":false},"excerpt":{"rendered":"<p>NORMATIVA PARA ALMACENES Recuerda que los almacenes de medicamentos y dem\u00e1s insumos para la salud est\u00e1n regulados por COFEPRIS bajo la NOM059 numeral 16 \u00abBuenas Pr\u00e1cticas de Almacenamiento y Distribuci\u00f3n\u00bb, FEUM suplemento para el establecimiento dedicados a la venta y suplemento 2020 . En esta secci\u00f3n encontrar\u00e1s la documentaci\u00f3n aplicable a almacenes la cual deber\u00e1 [&hellip;]<\/p>\n","protected":false},"author":1,"featured_media":0,"parent":0,"menu_order":0,"comment_status":"closed","ping_status":"closed","template":"","meta":{"om_disable_all_campaigns":false,"_monsterinsights_skip_tracking":false,"_monsterinsights_sitenote_active":false,"_monsterinsights_sitenote_note":"","_monsterinsights_sitenote_category":0,"footnotes":""},"class_list":["post-615","page","type-page","status-publish","hentry"],"aioseo_notices":[],"_links":{"self":[{"href":"https:\/\/www.asesoresqfyb.com\/index.php\/wp-json\/wp\/v2\/pages\/615","targetHints":{"allow":["GET"]}}],"collection":[{"href":"https:\/\/www.asesoresqfyb.com\/index.php\/wp-json\/wp\/v2\/pages"}],"about":[{"href":"https:\/\/www.asesoresqfyb.com\/index.php\/wp-json\/wp\/v2\/types\/page"}],"author":[{"embeddable":true,"href":"https:\/\/www.asesoresqfyb.com\/index.php\/wp-json\/wp\/v2\/users\/1"}],"replies":[{"embeddable":true,"href":"https:\/\/www.asesoresqfyb.com\/index.php\/wp-json\/wp\/v2\/comments?post=615"}],"version-history":[{"count":21,"href":"https:\/\/www.asesoresqfyb.com\/index.php\/wp-json\/wp\/v2\/pages\/615\/revisions"}],"predecessor-version":[{"id":1380,"href":"https:\/\/www.asesoresqfyb.com\/index.php\/wp-json\/wp\/v2\/pages\/615\/revisions\/1380"}],"wp:attachment":[{"href":"https:\/\/www.asesoresqfyb.com\/index.php\/wp-json\/wp\/v2\/media?parent=615"}],"curies":[{"name":"wp","href":"https:\/\/api.w.org\/{rel}","templated":true}]}}