{"id":396,"date":"2022-07-27T19:01:18","date_gmt":"2022-07-28T02:01:18","guid":{"rendered":"https:\/\/www.asesoresqfyb.com\/?page_id=396"},"modified":"2025-01-21T20:42:55","modified_gmt":"2025-01-22T03:42:55","slug":"blog-de-asesores","status":"publish","type":"page","link":"https:\/\/www.asesoresqfyb.com\/index.php\/blog-de-asesores\/","title":{"rendered":"BLOG"},"content":{"rendered":"\n<h4 class=\"wp-block-heading has-text-align-center has-x-large-font-size\"><strong>Compartiendo  conocimiento<\/strong><\/h4>\n\n\n\n<div class=\"wp-block-columns alignwide is-not-stacked-on-mobile is-layout-flex wp-container-core-columns-is-layout-28f84493 wp-block-columns-is-layout-flex\">\n<div class=\"wp-block-column is-vertically-aligned-center is-layout-flow wp-block-column-is-layout-flow\" style=\"flex-basis:66.66%\">\n<p class=\"has-text-align-center\">Blog dedicado a compartir la experiencia, contar an\u00e9cdotas, tips para la administraci\u00f3n de almacenes y farmacias entre otras cosas. No dudes en preguntarnos en los comentarios.<\/p>\n<\/div>\n<\/div>\n\n\n\n<p><\/p>\n\n\n<ul class=\"wp-block-latest-posts__list has-dates has-author alignwide wp-block-latest-posts\"><li><a class=\"wp-block-latest-posts__post-title\" href=\"https:\/\/www.asesoresqfyb.com\/index.php\/2025\/02\/14\/registro-de-temperatura-y-humedad-en-farmacias-y-almacenes-de-medicamentos\/\">Registro de Temperatura y Humedad en Farmacias y Almacenes de Medicamentos<\/a><div class=\"wp-block-latest-posts__post-author\">por Asesores Qu\u00edmicos<\/div><time datetime=\"2025-02-14T19:47:55-07:00\" class=\"wp-block-latest-posts__post-date\">14 de febrero de 2025<\/time><div class=\"wp-block-latest-posts__post-excerpt\">El Suplemento para Establecimientos dedicados a la venta y suministro de medicamentos y dem\u00e1s insumos para la salud establece que todas las farmacias y almacenes deberan garantizar el cumplimiento de las condiciones de conservaci\u00f3n de los medicamentos y dem\u00e1s insumos para la salud, as\u00ed mismo deber\u00e1n evitar que se contaminen los productos y deber\u00e1n estar&#8230; <a class=\"wp-block-latest-posts__read-more\" href=\"https:\/\/www.asesoresqfyb.com\/index.php\/2025\/02\/14\/registro-de-temperatura-y-humedad-en-farmacias-y-almacenes-de-medicamentos\/\" rel=\"noopener noreferrer\">Lee m\u00e1s<span class=\"screen-reader-text\">: Registro de Temperatura y Humedad en Farmacias y Almacenes de Medicamentos<\/span><\/a><\/div><\/li>\n<li><a class=\"wp-block-latest-posts__post-title\" href=\"https:\/\/www.asesoresqfyb.com\/index.php\/2024\/06\/14\/profesiones-de-responsables-sanitarios-en-el-area-farmaceutica\/\">Profesiones de Responsables Sanitarios en el \u00e1rea farmac\u00e9utica.<\/a><div class=\"wp-block-latest-posts__post-author\">por Asesores Qu\u00edmicos<\/div><time datetime=\"2024-06-14T18:59:04-07:00\" class=\"wp-block-latest-posts__post-date\">14 de junio de 2024<\/time><div class=\"wp-block-latest-posts__post-excerpt\">En el cap\u00edtulo VII \u00abEstablecimientos destinados al Proceso de Medicamentos\u00bb de la Ley General de Salud, en los art\u00edculos 257 al 261 se indica la clasificaci\u00f3n de establecimientos, as\u00ed como, las respectivas profesiones que debe tener un Responsable Sanitario. A continuaci\u00f3n te dejamos un resumen de las profesiones del Responsable Sanitario en la rama farmace\u00fatica&#8230;. <a class=\"wp-block-latest-posts__read-more\" href=\"https:\/\/www.asesoresqfyb.com\/index.php\/2024\/06\/14\/profesiones-de-responsables-sanitarios-en-el-area-farmaceutica\/\" rel=\"noopener noreferrer\">Lee m\u00e1s<span class=\"screen-reader-text\">: Profesiones de Responsables Sanitarios en el \u00e1rea farmac\u00e9utica.<\/span><\/a><\/div><\/li>\n<li><a class=\"wp-block-latest-posts__post-title\" href=\"https:\/\/www.asesoresqfyb.com\/index.php\/2024\/04\/12\/requisitos-para-almacen-de-medicamentos\/\">REQUISITOS PARA ALMAC\u00c9N DE MEDICAMENTOS<\/a><div class=\"wp-block-latest-posts__post-author\">por Asesores Qu\u00edmicos<\/div><time datetime=\"2024-04-12T19:54:09-07:00\" class=\"wp-block-latest-posts__post-date\">12 de abril de 2024<\/time><div class=\"wp-block-latest-posts__post-excerpt\">\u00bfPreocupado por los requisitos normativos que le aplican a tu almac\u00e9n de medicamentos?. Relajate, en este espacio te compartimos los requisitos que te solicitan para el manejo de un almac\u00e9n de medicamentos en M\u00e9xico. Evita Multas, actualiza tu documentaci\u00f3n y tus registros. Los almacenes o distribuidores de medicamentos est\u00e1n regulados bajo la FEUM suplemento para&#8230; <a class=\"wp-block-latest-posts__read-more\" href=\"https:\/\/www.asesoresqfyb.com\/index.php\/2024\/04\/12\/requisitos-para-almacen-de-medicamentos\/\" rel=\"noopener noreferrer\">Lee m\u00e1s<span class=\"screen-reader-text\">: REQUISITOS PARA ALMAC\u00c9N DE MEDICAMENTOS<\/span><\/a><\/div><\/li>\n<li><a class=\"wp-block-latest-posts__post-title\" href=\"https:\/\/www.asesoresqfyb.com\/index.php\/2023\/11\/16\/requisitos-para-la-operacion-de-farmacia\/\">REQUISITOS PARA LA OPERACI\u00d3N DE FARMACIA<\/a><div class=\"wp-block-latest-posts__post-author\">por Asesores Qu\u00edmicos<\/div><time datetime=\"2023-11-16T15:46:37-07:00\" class=\"wp-block-latest-posts__post-date\">16 de noviembre de 2023<\/time><div class=\"wp-block-latest-posts__post-excerpt\">En M\u00e9xico, la operaci\u00f3n de una farmacia est\u00e1 regulada por la Comisi\u00f3n Federal para la Protecci\u00f3n contra Riesgos Sanitarios (COFEPRIS) y otras autoridades locales. A continuaci\u00f3n, describimos de manera general los requisitos que necesita una persona para poner y operar una farmacia en M\u00e9xico. Esta informaci\u00f3n esta descrita en el cap\u00edtulo VI del Suplemento para&#8230; <a class=\"wp-block-latest-posts__read-more\" href=\"https:\/\/www.asesoresqfyb.com\/index.php\/2023\/11\/16\/requisitos-para-la-operacion-de-farmacia\/\" rel=\"noopener noreferrer\">Lee m\u00e1s<span class=\"screen-reader-text\">: REQUISITOS PARA LA OPERACI\u00d3N DE FARMACIA<\/span><\/a><\/div><\/li>\n<li><a class=\"wp-block-latest-posts__post-title\" href=\"https:\/\/www.asesoresqfyb.com\/index.php\/2023\/11\/03\/procedimientos-normalizados-de-operacion\/\">Procedimientos Normalizados de Operaci\u00f3n<\/a><div class=\"wp-block-latest-posts__post-author\">por Asesores Qu\u00edmicos<\/div><time datetime=\"2023-11-03T14:35:33-07:00\" class=\"wp-block-latest-posts__post-date\">3 de noviembre de 2023<\/time><div class=\"wp-block-latest-posts__post-excerpt\">Un procedimiento normalizado de operaci\u00f3n o PNO (por su abreviatura), es un documento que contiene las instrucciones detalladas que describe el c\u00f3mo, el qui\u00e9n y el cu\u00e1ndo llevar a cabo un proceso o actividad de manera consistente y segura. El suplemento para establecimientos dedicados a la venta y suministro de medicamentos y dem\u00e1s insumos para&#8230; <a class=\"wp-block-latest-posts__read-more\" href=\"https:\/\/www.asesoresqfyb.com\/index.php\/2023\/11\/03\/procedimientos-normalizados-de-operacion\/\" rel=\"noopener noreferrer\">Lee m\u00e1s<span class=\"screen-reader-text\">: Procedimientos Normalizados de Operaci\u00f3n<\/span><\/a><\/div><\/li>\n<li><a class=\"wp-block-latest-posts__post-title\" href=\"https:\/\/www.asesoresqfyb.com\/index.php\/2022\/08\/01\/genetica-y-sars-cov-2\/\">Gen\u00e9tica y SARS-CoV-2<\/a><div class=\"wp-block-latest-posts__post-author\">por jose ibrahim<\/div><time datetime=\"2022-08-01T18:54:35-07:00\" class=\"wp-block-latest-posts__post-date\">1 de agosto de 2022<\/time><div class=\"wp-block-latest-posts__post-excerpt\"><\/div><\/li>\n<\/ul>","protected":false},"excerpt":{"rendered":"<p>Compartiendo conocimiento Blog dedicado a compartir la experiencia, contar an\u00e9cdotas, tips para la administraci\u00f3n de almacenes y farmacias entre otras cosas. No dudes en preguntarnos en los comentarios.<\/p>\n","protected":false},"author":1,"featured_media":0,"parent":0,"menu_order":0,"comment_status":"closed","ping_status":"closed","template":"","meta":{"om_disable_all_campaigns":false,"_monsterinsights_skip_tracking":false,"_monsterinsights_sitenote_active":false,"_monsterinsights_sitenote_note":"","_monsterinsights_sitenote_category":0,"footnotes":""},"class_list":["post-396","page","type-page","status-publish","hentry"],"aioseo_notices":[],"_links":{"self":[{"href":"https:\/\/www.asesoresqfyb.com\/index.php\/wp-json\/wp\/v2\/pages\/396","targetHints":{"allow":["GET"]}}],"collection":[{"href":"https:\/\/www.asesoresqfyb.com\/index.php\/wp-json\/wp\/v2\/pages"}],"about":[{"href":"https:\/\/www.asesoresqfyb.com\/index.php\/wp-json\/wp\/v2\/types\/page"}],"author":[{"embeddable":true,"href":"https:\/\/www.asesoresqfyb.com\/index.php\/wp-json\/wp\/v2\/users\/1"}],"replies":[{"embeddable":true,"href":"https:\/\/www.asesoresqfyb.com\/index.php\/wp-json\/wp\/v2\/comments?post=396"}],"version-history":[{"count":8,"href":"https:\/\/www.asesoresqfyb.com\/index.php\/wp-json\/wp\/v2\/pages\/396\/revisions"}],"predecessor-version":[{"id":1317,"href":"https:\/\/www.asesoresqfyb.com\/index.php\/wp-json\/wp\/v2\/pages\/396\/revisions\/1317"}],"wp:attachment":[{"href":"https:\/\/www.asesoresqfyb.com\/index.php\/wp-json\/wp\/v2\/media?parent=396"}],"curies":[{"name":"wp","href":"https:\/\/api.w.org\/{rel}","templated":true}]}}