{"id":1242,"date":"2025-01-15T14:49:07","date_gmt":"2025-01-15T21:49:07","guid":{"rendered":"https:\/\/www.asesoresqfyb.com\/?page_id=1242"},"modified":"2025-01-22T12:06:21","modified_gmt":"2025-01-22T19:06:21","slug":"acerca-de-nosotros","status":"publish","type":"page","link":"https:\/\/www.asesoresqfyb.com\/index.php\/acerca-de-nosotros\/","title":{"rendered":"ACERCA DE NOSOTROS"},"content":{"rendered":"\n<h2 class=\"wp-block-heading has-large-font-size\"><strong>\u00bfQui\u00e9nes somos?<\/strong><\/h2>\n\n\n\n<p class=\"has-small-font-size\">Somos un grupo de Qu\u00edmicos con m\u00e1s de 15 a\u00f1os de experiencia en el \u00e1rea. Nuestro equipo de trabajo se ha desarrollado en industria qu\u00edmico farmac\u00e9utico, biotecnol\u00f3gica y en laboratorios de investigaci\u00f3n cient\u00edfica. <\/p>\n\n\n\n<p class=\"has-small-font-size\">En los \u00faltimos 5 a\u00f1os nos hemos enfocado a ayudar a peque\u00f1as empresas a comprender la normativa que les regula, lo cual nos ha llevado a comprender las necesidades de nuestros clientes, por tal motivo nos hemos estado capacitando para aterrizar nuestro conocimientos en productos y servicios que sean de f\u00e1cil acceso y principalmente sean de f\u00e1cil ejecuci\u00f3n y comprensi\u00f3n.<\/p>\n\n\n\n<figure class=\"wp-block-image aligncenter size-large is-resized\"><img loading=\"lazy\" decoding=\"async\" width=\"1024\" height=\"1024\" src=\"http:\/\/www.asesoresqfyb.com\/wp-content\/uploads\/2023\/02\/Post-Instagram-Dia-del-Orgullo-Simple-Beige-1024x1024.jpg\" alt=\"\" class=\"wp-image-719\" style=\"width:513px;height:auto\" srcset=\"https:\/\/www.asesoresqfyb.com\/wp-content\/uploads\/2023\/02\/Post-Instagram-Dia-del-Orgullo-Simple-Beige-1024x1024.jpg 1024w, https:\/\/www.asesoresqfyb.com\/wp-content\/uploads\/2023\/02\/Post-Instagram-Dia-del-Orgullo-Simple-Beige-300x300.jpg 300w, https:\/\/www.asesoresqfyb.com\/wp-content\/uploads\/2023\/02\/Post-Instagram-Dia-del-Orgullo-Simple-Beige-150x150.jpg 150w, https:\/\/www.asesoresqfyb.com\/wp-content\/uploads\/2023\/02\/Post-Instagram-Dia-del-Orgullo-Simple-Beige-768x768.jpg 768w, https:\/\/www.asesoresqfyb.com\/wp-content\/uploads\/2023\/02\/Post-Instagram-Dia-del-Orgullo-Simple-Beige-450x450.jpg 450w, https:\/\/www.asesoresqfyb.com\/wp-content\/uploads\/2023\/02\/Post-Instagram-Dia-del-Orgullo-Simple-Beige-600x600.jpg 600w, https:\/\/www.asesoresqfyb.com\/wp-content\/uploads\/2023\/02\/Post-Instagram-Dia-del-Orgullo-Simple-Beige-100x100.jpg 100w, https:\/\/www.asesoresqfyb.com\/wp-content\/uploads\/2023\/02\/Post-Instagram-Dia-del-Orgullo-Simple-Beige-120x120.jpg 120w, https:\/\/www.asesoresqfyb.com\/wp-content\/uploads\/2023\/02\/Post-Instagram-Dia-del-Orgullo-Simple-Beige.jpg 1080w\" sizes=\"auto, (max-width: 1024px) 100vw, 1024px\" \/><\/figure>\n\n\n\n<h2 class=\"wp-block-heading has-large-font-size\"><strong>MISI\u00d3N<\/strong><\/h2>\n\n\n\n<p class=\"has-small-font-size\">Ayudar a nuestros clientes a mantener su tranquilidad, al proporcionarles las herramientas documentales y cient\u00edficas necesarias, para cumplir con la normativa solicitada para su establecimiento.<\/p>\n\n\n\n<h2 class=\"wp-block-heading has-large-font-size\"><strong>VISI\u00d3N<\/strong><\/h2>\n\n\n\n<p class=\"has-small-font-size\">Ser la empresa l\u00edder en consultor\u00eda en temas regulatorias Qu\u00edmico-Farmac\u00e9utico y Biotecnol\u00f3gico para Peque\u00f1as y Medianas Empresas.<\/p>\n\n\n\n<div style=\"height:50px\" aria-hidden=\"true\" class=\"wp-block-spacer\"><\/div>\n\n\n\n<h2 class=\"wp-block-heading has-text-align-center has-large-font-size\"><strong>NUESTROS VALORES<\/strong><\/h2>\n\n\n\n<div class=\"wp-block-group is-layout-constrained wp-block-group-is-layout-constrained\">\n<div class=\"wp-block-cover is-light has-foreground-color has-text-color has-link-color wp-elements-cd71bebe1bcfa64ea0fa55918115a060\"><span aria-hidden=\"true\" class=\"wp-block-cover__background has-tertiary-background-color has-background-dim\"><\/span><div class=\"wp-block-cover__inner-container is-layout-flow wp-block-cover-is-layout-flow\">\n<div class=\"wp-block-group is-layout-grid wp-container-core-group-is-layout-478b6e6b wp-block-group-is-layout-grid\">\n<p class=\"has-small-font-size\"><strong>Honestidad<\/strong>. Este valor esta enfocado a escuchar y valorar las necesidades de nuestros clientes, y en caso de que su problema o necesidad este fuera de nuestro alcance, se lo haremos saber, evitando ante todo dar una informaci\u00f3n incorrecta.<\/p>\n\n\n\n<p class=\"has-small-font-size\"><strong>Coherencia<\/strong>. En todo momento se le har\u00e1 saber a nuestros clientes los alcances y limitaciones de nuestros servicios, evitando caer en productos y servicios milagro. <\/p>\n\n\n\n<p class=\"has-small-font-size\"><strong>Respeto y tolerancia<\/strong>. Nos enfocamos a escuchar y atender las necesidades de nuestros clientes, teniendo en cuenta que en su mayor\u00eda no tienen conocimiento del tema solicitado, por lo cual, nos enfocamos a aterrizar sus ideas y aclarar sus dudas en terminos f\u00e1ciles de comprender. <\/p>\n\n\n\n<p class=\"has-small-font-size\"><strong>Empat\u00eda.<\/strong> Nosotros comprendemos la inquietud del desconocimiento de la normativa solicitada para alg\u00fan establecimiento, la angustia que puede generar alguna multa por parte de la autoridad competente, por lo cual, nos enfocamos a escuchar a nuestros clientes que en su mayor\u00eda son m\u00e9dicos y emprendedores, tratando en todo momento de aclarar sus dudas y comprender sus necesidades. <\/p>\n<\/div>\n<\/div><\/div>\n<\/div>\n\n\n\n<div class=\"wp-block-buttons is-content-justification-center is-layout-flex wp-container-core-buttons-is-layout-a89b3969 wp-block-buttons-is-layout-flex\">\n<div class=\"wp-block-button\"><a class=\"wp-block-button__link has-background-color has-text-color has-background has-link-color wp-element-button\" href=\"https:\/\/www.asesoresqfyb.com\/index.php\/productos-y-servicios\/\" style=\"background-color:#02446a\">CONOCE NUESTROS PRODUCTOS Y SERVICIOS<\/a><\/div>\n<\/div>\n\n\n\n<div style=\"height:100px\" aria-hidden=\"true\" class=\"wp-block-spacer\"><\/div>\n","protected":false},"excerpt":{"rendered":"<p>\u00bfQui\u00e9nes somos? Somos un grupo de Qu\u00edmicos con m\u00e1s de 15 a\u00f1os de experiencia en el \u00e1rea. Nuestro equipo de trabajo se ha desarrollado en industria qu\u00edmico farmac\u00e9utico, biotecnol\u00f3gica y en laboratorios de investigaci\u00f3n cient\u00edfica. En los \u00faltimos 5 a\u00f1os nos hemos enfocado a ayudar a peque\u00f1as empresas a comprender la normativa que les regula, [&hellip;]<\/p>\n","protected":false},"author":2,"featured_media":0,"parent":0,"menu_order":0,"comment_status":"closed","ping_status":"closed","template":"","meta":{"om_disable_all_campaigns":false,"_monsterinsights_skip_tracking":false,"_monsterinsights_sitenote_active":false,"_monsterinsights_sitenote_note":"","_monsterinsights_sitenote_category":0,"footnotes":""},"class_list":["post-1242","page","type-page","status-publish","hentry"],"aioseo_notices":[],"_links":{"self":[{"href":"https:\/\/www.asesoresqfyb.com\/index.php\/wp-json\/wp\/v2\/pages\/1242","targetHints":{"allow":["GET"]}}],"collection":[{"href":"https:\/\/www.asesoresqfyb.com\/index.php\/wp-json\/wp\/v2\/pages"}],"about":[{"href":"https:\/\/www.asesoresqfyb.com\/index.php\/wp-json\/wp\/v2\/types\/page"}],"author":[{"embeddable":true,"href":"https:\/\/www.asesoresqfyb.com\/index.php\/wp-json\/wp\/v2\/users\/2"}],"replies":[{"embeddable":true,"href":"https:\/\/www.asesoresqfyb.com\/index.php\/wp-json\/wp\/v2\/comments?post=1242"}],"version-history":[{"count":7,"href":"https:\/\/www.asesoresqfyb.com\/index.php\/wp-json\/wp\/v2\/pages\/1242\/revisions"}],"predecessor-version":[{"id":1330,"href":"https:\/\/www.asesoresqfyb.com\/index.php\/wp-json\/wp\/v2\/pages\/1242\/revisions\/1330"}],"wp:attachment":[{"href":"https:\/\/www.asesoresqfyb.com\/index.php\/wp-json\/wp\/v2\/media?parent=1242"}],"curies":[{"name":"wp","href":"https:\/\/api.w.org\/{rel}","templated":true}]}}