{"id":1219,"date":"2025-01-14T22:04:58","date_gmt":"2025-01-15T05:04:58","guid":{"rendered":"https:\/\/www.asesoresqfyb.com\/?page_id=1219"},"modified":"2025-01-22T19:08:09","modified_gmt":"2025-01-23T02:08:09","slug":"productos-y-servicios","status":"publish","type":"page","link":"https:\/\/www.asesoresqfyb.com\/index.php\/productos-y-servicios\/","title":{"rendered":"PRODUCTOS  Y SERVICIOS"},"content":{"rendered":"\n<div class=\"wp-block-group is-layout-constrained wp-block-group-is-layout-constrained\">\n<div class=\"wp-block-columns is-layout-flex wp-container-core-columns-is-layout-28f84493 wp-block-columns-is-layout-flex\">\n<div class=\"wp-block-column is-layout-flow wp-block-column-is-layout-flow\" style=\"flex-basis:100%\">\n<p class=\"has-text-align-left has-medium-font-size\">En esta secci\u00f3n encontraras los productos y servicios que Asesores Qu\u00edmicos pone a su disposici\u00f3n. De antemano agradecemos la confianza depositada en nuestro servicio.<\/p>\n\n\n\n<div class=\"wp-block-group is-vertical is-layout-flex wp-container-core-group-is-layout-fe9cc265 wp-block-group-is-layout-flex\">\n<div class=\"wp-block-group is-layout-constrained wp-block-group-is-layout-constrained\">\n<div class=\"wp-block-group alignwide is-layout-constrained wp-block-group-is-layout-constrained\">\n<div class=\"wp-block-columns is-layout-flex wp-container-core-columns-is-layout-28f84493 wp-block-columns-is-layout-flex\">\n<div class=\"wp-block-column has-background is-layout-flow wp-block-column-is-layout-flow\" style=\"background-color:#b8bed2\">\n<div style=\"height:10px\" aria-hidden=\"true\" class=\"wp-block-spacer\"><\/div>\n\n\n\n<figure class=\"wp-block-image aligncenter size-large is-resized is-style-default\"><img loading=\"lazy\" decoding=\"async\" width=\"1024\" height=\"1024\" src=\"https:\/\/www.asesoresqfyb.com\/wp-content\/uploads\/2025\/01\/Post-Instagram-Dia-del-Orgullo-Simple-Beige-12-1024x1024.png\" alt=\"\" class=\"wp-image-1222\" style=\"object-fit:cover;width:297px;height:auto\" srcset=\"https:\/\/www.asesoresqfyb.com\/wp-content\/uploads\/2025\/01\/Post-Instagram-Dia-del-Orgullo-Simple-Beige-12-1024x1024.png 1024w, https:\/\/www.asesoresqfyb.com\/wp-content\/uploads\/2025\/01\/Post-Instagram-Dia-del-Orgullo-Simple-Beige-12-300x300.png 300w, https:\/\/www.asesoresqfyb.com\/wp-content\/uploads\/2025\/01\/Post-Instagram-Dia-del-Orgullo-Simple-Beige-12-150x150.png 150w, https:\/\/www.asesoresqfyb.com\/wp-content\/uploads\/2025\/01\/Post-Instagram-Dia-del-Orgullo-Simple-Beige-12-768x768.png 768w, https:\/\/www.asesoresqfyb.com\/wp-content\/uploads\/2025\/01\/Post-Instagram-Dia-del-Orgullo-Simple-Beige-12-450x450.png 450w, https:\/\/www.asesoresqfyb.com\/wp-content\/uploads\/2025\/01\/Post-Instagram-Dia-del-Orgullo-Simple-Beige-12-600x600.png 600w, https:\/\/www.asesoresqfyb.com\/wp-content\/uploads\/2025\/01\/Post-Instagram-Dia-del-Orgullo-Simple-Beige-12-100x100.png 100w, https:\/\/www.asesoresqfyb.com\/wp-content\/uploads\/2025\/01\/Post-Instagram-Dia-del-Orgullo-Simple-Beige-12-120x120.png 120w, https:\/\/www.asesoresqfyb.com\/wp-content\/uploads\/2025\/01\/Post-Instagram-Dia-del-Orgullo-Simple-Beige-12.png 1080w\" sizes=\"auto, (max-width: 1024px) 100vw, 1024px\" \/><\/figure>\n\n\n\n<p class=\"has-text-align-center has-background-color has-text-color has-background has-link-color wp-elements-4b89bf5e015651c7ea67c15a77ae820e\" style=\"background-color:#03084d\"><a href=\"https:\/\/www.asesoresqfyb.com\/index.php\/normativa-para-farmacia\/\" target=\"_blank\" rel=\"noopener\" title=\"\"><strong>VER NORMATIVA PARA  FARMACIAS<\/strong> <\/a><\/p>\n<\/div>\n\n\n\n<div class=\"wp-block-column is-vertically-aligned-top has-background has-small-font-size is-content-justification-center is-layout-constrained wp-block-column-is-layout-constrained\" style=\"background-color:#24929e\">\n<div style=\"height:10px\" aria-hidden=\"true\" class=\"wp-block-spacer\"><\/div>\n\n\n\n<figure class=\"wp-block-image aligncenter size-large is-resized\"><img loading=\"lazy\" decoding=\"async\" width=\"1024\" height=\"1024\" src=\"https:\/\/www.asesoresqfyb.com\/wp-content\/uploads\/2025\/01\/Post-Instagram-Dia-del-Orgullo-Simple-Beige-11-1024x1024.png\" alt=\"\" class=\"wp-image-1223\" style=\"width:297px;height:auto\" srcset=\"https:\/\/www.asesoresqfyb.com\/wp-content\/uploads\/2025\/01\/Post-Instagram-Dia-del-Orgullo-Simple-Beige-11-1024x1024.png 1024w, https:\/\/www.asesoresqfyb.com\/wp-content\/uploads\/2025\/01\/Post-Instagram-Dia-del-Orgullo-Simple-Beige-11-300x300.png 300w, https:\/\/www.asesoresqfyb.com\/wp-content\/uploads\/2025\/01\/Post-Instagram-Dia-del-Orgullo-Simple-Beige-11-150x150.png 150w, https:\/\/www.asesoresqfyb.com\/wp-content\/uploads\/2025\/01\/Post-Instagram-Dia-del-Orgullo-Simple-Beige-11-768x768.png 768w, https:\/\/www.asesoresqfyb.com\/wp-content\/uploads\/2025\/01\/Post-Instagram-Dia-del-Orgullo-Simple-Beige-11-450x450.png 450w, https:\/\/www.asesoresqfyb.com\/wp-content\/uploads\/2025\/01\/Post-Instagram-Dia-del-Orgullo-Simple-Beige-11-600x600.png 600w, https:\/\/www.asesoresqfyb.com\/wp-content\/uploads\/2025\/01\/Post-Instagram-Dia-del-Orgullo-Simple-Beige-11-100x100.png 100w, https:\/\/www.asesoresqfyb.com\/wp-content\/uploads\/2025\/01\/Post-Instagram-Dia-del-Orgullo-Simple-Beige-11-120x120.png 120w, https:\/\/www.asesoresqfyb.com\/wp-content\/uploads\/2025\/01\/Post-Instagram-Dia-del-Orgullo-Simple-Beige-11.png 1080w\" sizes=\"auto, (max-width: 1024px) 100vw, 1024px\" \/><\/figure>\n\n\n\n<p class=\"has-text-align-center has-background-color has-text-color has-background has-link-color wp-elements-7767525151e49e727277310eb0a0e439\" style=\"background-color:#03084d\"><strong> <a href=\"https:\/\/www.asesoresqfyb.com\/index.php\/normativa-para-almacenes\/\" target=\"_blank\" rel=\"noopener\" title=\"\">VER NORMATIVA PARA ALMACENES <\/a><\/strong><\/p>\n<\/div>\n<\/div>\n<\/div>\n<\/div>\n<\/div>\n\n\n\n<div class=\"wp-block-group is-vertical is-layout-flex wp-container-core-group-is-layout-fe9cc265 wp-block-group-is-layout-flex\">\n<div class=\"wp-block-group is-layout-constrained wp-block-group-is-layout-constrained\">\n<div class=\"wp-block-group alignwide is-layout-constrained wp-block-group-is-layout-constrained\">\n<div class=\"wp-block-columns is-layout-flex wp-container-core-columns-is-layout-28f84493 wp-block-columns-is-layout-flex\">\n<div class=\"wp-block-column has-background is-layout-flow wp-block-column-is-layout-flow\" style=\"background-color:#04666d\">\n<div style=\"height:10px\" aria-hidden=\"true\" class=\"wp-block-spacer\"><\/div>\n\n\n\n<figure class=\"wp-block-image aligncenter size-large is-resized\"><img loading=\"lazy\" decoding=\"async\" width=\"1024\" height=\"1024\" src=\"https:\/\/www.asesoresqfyb.com\/wp-content\/uploads\/2025\/01\/Post-Instagram-Dia-del-Orgullo-Simple-Beige-16-1024x1024.png\" alt=\"\" class=\"wp-image-1225\" style=\"object-fit:cover;width:297px;height:auto\" srcset=\"https:\/\/www.asesoresqfyb.com\/wp-content\/uploads\/2025\/01\/Post-Instagram-Dia-del-Orgullo-Simple-Beige-16-1024x1024.png 1024w, https:\/\/www.asesoresqfyb.com\/wp-content\/uploads\/2025\/01\/Post-Instagram-Dia-del-Orgullo-Simple-Beige-16-300x300.png 300w, https:\/\/www.asesoresqfyb.com\/wp-content\/uploads\/2025\/01\/Post-Instagram-Dia-del-Orgullo-Simple-Beige-16-150x150.png 150w, https:\/\/www.asesoresqfyb.com\/wp-content\/uploads\/2025\/01\/Post-Instagram-Dia-del-Orgullo-Simple-Beige-16-768x768.png 768w, https:\/\/www.asesoresqfyb.com\/wp-content\/uploads\/2025\/01\/Post-Instagram-Dia-del-Orgullo-Simple-Beige-16-450x450.png 450w, https:\/\/www.asesoresqfyb.com\/wp-content\/uploads\/2025\/01\/Post-Instagram-Dia-del-Orgullo-Simple-Beige-16-600x600.png 600w, https:\/\/www.asesoresqfyb.com\/wp-content\/uploads\/2025\/01\/Post-Instagram-Dia-del-Orgullo-Simple-Beige-16-100x100.png 100w, https:\/\/www.asesoresqfyb.com\/wp-content\/uploads\/2025\/01\/Post-Instagram-Dia-del-Orgullo-Simple-Beige-16-120x120.png 120w, https:\/\/www.asesoresqfyb.com\/wp-content\/uploads\/2025\/01\/Post-Instagram-Dia-del-Orgullo-Simple-Beige-16.png 1080w\" sizes=\"auto, (max-width: 1024px) 100vw, 1024px\" \/><\/figure>\n\n\n\n<p class=\"has-text-align-center has-background-color has-text-color has-background has-link-color wp-elements-ab37cf420b55f094cbb376f3b9473f7d\" style=\"background-color:#03084d\"><a href=\"https:\/\/www.asesoresqfyb.com\/index.php\/product-category\/biotecnologia\/\" target=\"_blank\" rel=\"noopener\" title=\"\"><strong>VER SERVICIOS EN BIOTECNOLOG\u00cdA<\/strong><\/a><a href=\"https:\/\/www.asesoresqfyb.com\/index.php\/product-category\/drogueria\/\" target=\"_blank\" rel=\"noopener\" title=\"\"><strong> <\/strong><\/a><\/p>\n<\/div>\n\n\n\n<div class=\"wp-block-column is-vertically-aligned-top has-background is-layout-flow wp-block-column-is-layout-flow\" style=\"background-color:#044974\">\n<div style=\"height:10px\" aria-hidden=\"true\" class=\"wp-block-spacer\"><\/div>\n\n\n\n<figure class=\"wp-block-image aligncenter size-large is-resized is-style-default\"><img loading=\"lazy\" decoding=\"async\" width=\"1024\" height=\"1024\" src=\"http:\/\/www.asesoresqfyb.com\/wp-content\/uploads\/2023\/02\/Post-Instagram-Dia-del-Orgullo-Simple-Beige-8-1024x1024.jpg\" alt=\"\" class=\"wp-image-739\" style=\"width:297px\" srcset=\"https:\/\/www.asesoresqfyb.com\/wp-content\/uploads\/2023\/02\/Post-Instagram-Dia-del-Orgullo-Simple-Beige-8-1024x1024.jpg 1024w, https:\/\/www.asesoresqfyb.com\/wp-content\/uploads\/2023\/02\/Post-Instagram-Dia-del-Orgullo-Simple-Beige-8-300x300.jpg 300w, https:\/\/www.asesoresqfyb.com\/wp-content\/uploads\/2023\/02\/Post-Instagram-Dia-del-Orgullo-Simple-Beige-8-150x150.jpg 150w, https:\/\/www.asesoresqfyb.com\/wp-content\/uploads\/2023\/02\/Post-Instagram-Dia-del-Orgullo-Simple-Beige-8-768x768.jpg 768w, https:\/\/www.asesoresqfyb.com\/wp-content\/uploads\/2023\/02\/Post-Instagram-Dia-del-Orgullo-Simple-Beige-8-450x450.jpg 450w, https:\/\/www.asesoresqfyb.com\/wp-content\/uploads\/2023\/02\/Post-Instagram-Dia-del-Orgullo-Simple-Beige-8-600x600.jpg 600w, https:\/\/www.asesoresqfyb.com\/wp-content\/uploads\/2023\/02\/Post-Instagram-Dia-del-Orgullo-Simple-Beige-8-100x100.jpg 100w, https:\/\/www.asesoresqfyb.com\/wp-content\/uploads\/2023\/02\/Post-Instagram-Dia-del-Orgullo-Simple-Beige-8-120x120.jpg 120w, https:\/\/www.asesoresqfyb.com\/wp-content\/uploads\/2023\/02\/Post-Instagram-Dia-del-Orgullo-Simple-Beige-8.jpg 1080w\" sizes=\"auto, (max-width: 1024px) 100vw, 1024px\" \/><\/figure>\n\n\n\n<p class=\"has-text-align-center has-background-color has-text-color has-background has-link-color wp-elements-85d76e1694d0fd2e15c90a85445b0f6e\" style=\"background-color:#03084d\"><a href=\"https:\/\/www.asesoresqfyb.com\/index.php\/cursos-y-capacitaciones\/\" target=\"_blank\" rel=\"noopener\" title=\"\"><strong>VER CURSOS, ASESOR\u00cdAS Y CAPACITACIONES<\/strong> <\/a><\/p>\n<\/div>\n<\/div>\n<\/div>\n<\/div>\n<\/div>\n\n\n\n<div class=\"wp-block-group is-layout-constrained wp-block-group-is-layout-constrained\">\n<div class=\"wp-block-columns is-layout-flex wp-container-core-columns-is-layout-28f84493 wp-block-columns-is-layout-flex\">\n<div class=\"wp-block-column has-background is-layout-flow wp-block-column-is-layout-flow\" style=\"background-color:#72c1ca\">\n<div style=\"height:10px\" aria-hidden=\"true\" class=\"wp-block-spacer\"><\/div>\n\n\n\n<figure class=\"wp-block-image size-large\"><img loading=\"lazy\" decoding=\"async\" width=\"1024\" height=\"1024\" src=\"http:\/\/www.asesoresqfyb.com\/wp-content\/uploads\/2025\/01\/Post-Instagram-Dia-del-Orgullo-Simple-Beige-14-1-1024x1024.png\" alt=\"\" class=\"wp-image-1226\" srcset=\"https:\/\/www.asesoresqfyb.com\/wp-content\/uploads\/2025\/01\/Post-Instagram-Dia-del-Orgullo-Simple-Beige-14-1-1024x1024.png 1024w, https:\/\/www.asesoresqfyb.com\/wp-content\/uploads\/2025\/01\/Post-Instagram-Dia-del-Orgullo-Simple-Beige-14-1-300x300.png 300w, https:\/\/www.asesoresqfyb.com\/wp-content\/uploads\/2025\/01\/Post-Instagram-Dia-del-Orgullo-Simple-Beige-14-1-150x150.png 150w, https:\/\/www.asesoresqfyb.com\/wp-content\/uploads\/2025\/01\/Post-Instagram-Dia-del-Orgullo-Simple-Beige-14-1-768x768.png 768w, https:\/\/www.asesoresqfyb.com\/wp-content\/uploads\/2025\/01\/Post-Instagram-Dia-del-Orgullo-Simple-Beige-14-1-450x450.png 450w, https:\/\/www.asesoresqfyb.com\/wp-content\/uploads\/2025\/01\/Post-Instagram-Dia-del-Orgullo-Simple-Beige-14-1-600x600.png 600w, https:\/\/www.asesoresqfyb.com\/wp-content\/uploads\/2025\/01\/Post-Instagram-Dia-del-Orgullo-Simple-Beige-14-1-100x100.png 100w, https:\/\/www.asesoresqfyb.com\/wp-content\/uploads\/2025\/01\/Post-Instagram-Dia-del-Orgullo-Simple-Beige-14-1-120x120.png 120w, https:\/\/www.asesoresqfyb.com\/wp-content\/uploads\/2025\/01\/Post-Instagram-Dia-del-Orgullo-Simple-Beige-14-1.png 1080w\" sizes=\"auto, (max-width: 1024px) 100vw, 1024px\" \/><\/figure>\n\n\n\n<p class=\"has-text-align-center has-background-color has-text-color has-background has-link-color wp-elements-9c286ebc3529347084e0cf0dfdb88333\" style=\"background-color:#03084d\"><strong><a href=\"https:\/\/www.asesoresqfyb.com\/index.php\/product-category\/drogueria\/\" target=\"_blank\" rel=\"noopener\" title=\"VER PRODUCTOS DE LA CASA\">VER  PRODUCTOS PROPIOS  DE LA CASA<\/a><\/strong><\/p>\n<\/div>\n\n\n\n<div class=\"wp-block-column is-layout-flow wp-block-column-is-layout-flow\">\n<div style=\"height:10px\" aria-hidden=\"true\" class=\"wp-block-spacer\"><\/div>\n\n\n\n<figure class=\"wp-block-image size-large is-style-default\"><img loading=\"lazy\" decoding=\"async\" width=\"1024\" height=\"1024\" src=\"http:\/\/www.asesoresqfyb.com\/wp-content\/uploads\/2023\/02\/Post-Instagram-Dia-del-Orgullo-Simple-Beige-5-1024x1024.jpg\" alt=\"\" class=\"wp-image-742\" srcset=\"https:\/\/www.asesoresqfyb.com\/wp-content\/uploads\/2023\/02\/Post-Instagram-Dia-del-Orgullo-Simple-Beige-5-1024x1024.jpg 1024w, https:\/\/www.asesoresqfyb.com\/wp-content\/uploads\/2023\/02\/Post-Instagram-Dia-del-Orgullo-Simple-Beige-5-300x300.jpg 300w, https:\/\/www.asesoresqfyb.com\/wp-content\/uploads\/2023\/02\/Post-Instagram-Dia-del-Orgullo-Simple-Beige-5-150x150.jpg 150w, https:\/\/www.asesoresqfyb.com\/wp-content\/uploads\/2023\/02\/Post-Instagram-Dia-del-Orgullo-Simple-Beige-5-768x768.jpg 768w, https:\/\/www.asesoresqfyb.com\/wp-content\/uploads\/2023\/02\/Post-Instagram-Dia-del-Orgullo-Simple-Beige-5-450x450.jpg 450w, https:\/\/www.asesoresqfyb.com\/wp-content\/uploads\/2023\/02\/Post-Instagram-Dia-del-Orgullo-Simple-Beige-5-600x600.jpg 600w, https:\/\/www.asesoresqfyb.com\/wp-content\/uploads\/2023\/02\/Post-Instagram-Dia-del-Orgullo-Simple-Beige-5-100x100.jpg 100w, https:\/\/www.asesoresqfyb.com\/wp-content\/uploads\/2023\/02\/Post-Instagram-Dia-del-Orgullo-Simple-Beige-5-120x120.jpg 120w, https:\/\/www.asesoresqfyb.com\/wp-content\/uploads\/2023\/02\/Post-Instagram-Dia-del-Orgullo-Simple-Beige-5.jpg 1080w\" sizes=\"auto, (max-width: 1024px) 100vw, 1024px\" \/><\/figure>\n\n\n\n<p class=\"has-text-align-center has-background-color has-text-color has-background has-link-color wp-elements-780feb4998488a5684b711d9d9c1381f\" style=\"background-color:#03084d\"><strong>VER DESARROLLO Y VALIDACI\u00d3N <\/strong><\/p>\n<\/div>\n<\/div>\n<\/div>\n<\/div>\n<\/div>\n<\/div>\n","protected":false},"excerpt":{"rendered":"<p>En esta secci\u00f3n encontraras los productos y servicios que Asesores Qu\u00edmicos pone a su disposici\u00f3n. De antemano agradecemos la confianza depositada en nuestro servicio. VER NORMATIVA PARA FARMACIAS VER NORMATIVA PARA ALMACENES VER SERVICIOS EN BIOTECNOLOG\u00cdA VER CURSOS, ASESOR\u00cdAS Y CAPACITACIONES VER PRODUCTOS PROPIOS DE LA CASA VER DESARROLLO Y VALIDACI\u00d3N<\/p>\n","protected":false},"author":2,"featured_media":0,"parent":0,"menu_order":0,"comment_status":"closed","ping_status":"closed","template":"","meta":{"om_disable_all_campaigns":false,"_monsterinsights_skip_tracking":false,"_monsterinsights_sitenote_active":false,"_monsterinsights_sitenote_note":"","_monsterinsights_sitenote_category":0,"footnotes":""},"class_list":["post-1219","page","type-page","status-publish","hentry"],"aioseo_notices":[],"_links":{"self":[{"href":"https:\/\/www.asesoresqfyb.com\/index.php\/wp-json\/wp\/v2\/pages\/1219","targetHints":{"allow":["GET"]}}],"collection":[{"href":"https:\/\/www.asesoresqfyb.com\/index.php\/wp-json\/wp\/v2\/pages"}],"about":[{"href":"https:\/\/www.asesoresqfyb.com\/index.php\/wp-json\/wp\/v2\/types\/page"}],"author":[{"embeddable":true,"href":"https:\/\/www.asesoresqfyb.com\/index.php\/wp-json\/wp\/v2\/users\/2"}],"replies":[{"embeddable":true,"href":"https:\/\/www.asesoresqfyb.com\/index.php\/wp-json\/wp\/v2\/comments?post=1219"}],"version-history":[{"count":7,"href":"https:\/\/www.asesoresqfyb.com\/index.php\/wp-json\/wp\/v2\/pages\/1219\/revisions"}],"predecessor-version":[{"id":1368,"href":"https:\/\/www.asesoresqfyb.com\/index.php\/wp-json\/wp\/v2\/pages\/1219\/revisions\/1368"}],"wp:attachment":[{"href":"https:\/\/www.asesoresqfyb.com\/index.php\/wp-json\/wp\/v2\/media?parent=1219"}],"curies":[{"name":"wp","href":"https:\/\/api.w.org\/{rel}","templated":true}]}}