{"id":12,"date":"2022-08-01T18:31:08","date_gmt":"2022-08-02T01:31:08","guid":{"rendered":"http:\/\/192.168.1.83\/?page_id=12"},"modified":"2022-08-01T18:31:15","modified_gmt":"2022-08-02T01:31:15","slug":"refund_returns","status":"publish","type":"page","link":"https:\/\/www.asesoresqfyb.com\/index.php\/refund_returns\/","title":{"rendered":"t\u00e9rminos, condiciones y pol\u00edticas de reembolsos"},"content":{"rendered":"\n<h5 class=\"wp-block-heading\"><strong>1- Asesores Qu\u00edmico-Farmac\u00e9utico y Biotecnol\u00f3gico (AsesoresQFYB)<\/strong><\/h5>\n\n\n\n<p>AsesoresQFYB es una compa\u00f1\u00eda de asesor\u00edas normativas y tecnol\u00f3gicas que ofrece servicios de soporte documental y conocimiento tecnol\u00f3gico a trav\u00e9s de su pagina web &#8211; &nbsp;<a href=\"http:\/\/www.asesoresqfyb.com\">www.asesoresqfyb.com<\/a>.<\/p>\n\n\n\n<h5 class=\"wp-block-heading\"><strong>2- T\u00e9rminos y Condiciones<\/strong><\/h5>\n\n\n\n<p>Estos t\u00e9rminos y condiciones explican los servicios de AsesoresQFYB y regulan la relaci\u00f3n entre esta empresa y las personas que usan sus servicios o adquieren sus productos (usuarios).<\/p>\n\n\n\n<p>Las Personas Usuarias aceptan estos T\u00e9rminos y Condiciones desde el momento en que se registran en el Sitio y adquieren su primer producto.<\/p>\n\n\n\n<p>Cuando debamos hacer cambios importantes en nuestros servicios, publicaremos las modificaciones con 10 d\u00edas h\u00e1biles de anticipaci\u00f3n. Estos cambios de ninguna forma afectar\u00e1n las operaciones que ya hayan finalizado o entren en proceso en el periodo de tiempo indicado.<\/p>\n\n\n\n<p>Los usuarios que no tengan obligaciones pendientes pueden cancelar su relaci\u00f3n con AsesoresQFYB cancelando su cuenta. La cancelaci\u00f3n de la cuenta impide el acceso al material digital adquirido en AsesoresQFYB.<\/p>\n\n\n\n<h5 class=\"wp-block-heading\"><strong>3- <\/strong>Usuario<\/h5>\n\n\n\n<p>Podr\u00e1n usar nuestros servicios las personas mayores de edad que tengan capacidad legal para contratar y que se encuentren en uso de sus facultades mentales.&nbsp;<\/p>\n\n\n\n<p>Quien inicie una relaci\u00f3n comercial en representaci\u00f3n de una empresa deber\u00e1 tener capacidad para contratar a nombre de ella. Adem\u00e1s, para poder usar la cuenta, la Persona Usuaria debe encontrarse activa en la empresa solicitante.<\/p>\n\n\n\n<h5 class=\"wp-block-heading\"><strong>4- Registros y Cuenta<\/strong><\/h5>\n\n\n\n<p>Cualquier usuario que requiera de nuestros servicios, deber\u00e1 acepar las siguientes condiciones:<\/p>\n\n\n\n<p>Llenar el formulario de registros y actualizar la informaci\u00f3n requerida de ser necesario en eventos posteriores.<\/p>\n\n\n\n<p>El usuario es el \u00fanico responsable por la veracidad de la informaci\u00f3n registrada. De ser necesario, asesoresQFYB puede solicitar informaci\u00f3n adicional para verificar la identidad del usuario.<\/p>\n\n\n\n<p>La cuenta de usuario es personal, \u00fanica e intransferible. Bajo ning\u00fan concepto se puede vender o ceder a otra persona. La contrase\u00f1a de acceso se debe mantener confidencial.<\/p>\n\n\n\n<p>El usuario es el \u00fanico responsable por las acciones que se realicen en su cuenta. Si se identifica un uso no autorizado de ella, el usuario debe notificar de forma inmediata al administrador de AsesoresQFYB.<\/p>\n\n\n\n<p>AsesoresQFYB se otorga el derecho de rechazar un registro o de cancelar un registro ya existente sin que esto genere derecho a una compensaci\u00f3n por ello.<\/p>\n\n\n\n<p>Los usuarios que han sido inhabilitados de esta manera no podr\u00e1n registrarse de nuevo en el sitio.<\/p>\n\n\n\n<p>En caso de detectar el uso de m\u00e1s de una cuenta, AsesoresQFYB se vera en derecho de tomar acciones para evitar la duplicidad de usuarios.<\/p>\n\n\n\n<h5 class=\"wp-block-heading\"><strong>5- Privacidad de datos<\/strong><\/h5>\n\n\n\n<p>AsesoresQFYB hace un uso responsable de la informaci\u00f3n personal, protegiendo la privacidad de las Personas Usuarias que nos confiaron sus datos y tomando las medidas necesarias para garantizar su seguridad. Para mas informaci\u00f3n, vea nuestra pol\u00edtica de privacidad.<\/p>\n\n\n\n<h5 class=\"wp-block-heading\"><strong>6- Sanciones<\/strong><\/h5>\n\n\n\n<p>En caso de que el usuario incumpliera una ley o los T\u00e9rminos y Condiciones, AsesoresQFYB tiene el derecho de advertir, restringir o inhabilitar de forma temporal o permanente el acceso por parte del usuario. Incluyendo tambi\u00e9n el acceso a los materiales adquiridos en AsesoresQFYB.<\/p>\n\n\n\n<h5 class=\"wp-block-heading\"><strong>7- Responsabilidad<\/strong><\/h5>\n\n\n\n<p>AsesoresQFYB ser\u00e1 responsable por cualquier defecto en la presentaci\u00f3n de sus productos y servicios, en la medida en que le sea imputable y con el alcance previsto en las leyes vigentes.&nbsp;<\/p>\n\n\n\n<h5 class=\"wp-block-heading\"><strong>8- Tarifas<\/strong><\/h5>\n\n\n\n<p>AsesoresQFYB podr\u00e1 cobrar por sus productos y servicios y el usuario se compromete a pagarlos.&nbsp;<\/p>\n\n\n\n<p>AsesoresQFYB podr\u00e1 modificar las tarifas de sus productos y servicios de acuerdo a lo declarado en el apartado 2. Las tarifas tambi\u00e9n pueden ser modificadas para reducir su costo de acuerdo a promociones, descuentos, promociones y paquetes.<\/p>\n\n\n\n<p>El usuario autoriza a AsesoresQFYB a debitar los fondos existentes de las cuentas bancarias que haya registrado en ella, para saldar las tarifas no pagadas o cualquier otra deuda que pudiera tener.&nbsp;<\/p>\n\n\n\n<p>Para conocer el detalle de las tarifas de cada servicio, las Personas Usuarias deber\u00e1n consultar los t\u00e9rminos y condiciones correspondientes.&nbsp;<\/p>\n\n\n\n<p>En todos los casos se emitir\u00e1 la factura de conformidad con los datos fiscales que las personas tengan cargados en su cuenta.&nbsp;<\/p>\n\n\n\n<h5 class=\"wp-block-heading\"><strong>9- Propiedad Intelectual<\/strong><\/h5>\n\n\n\n<p>AsesoresQFYB es propietario de todos los derechos de propiedad intelectual incluyendo:<\/p>\n\n\n\n<p>Sitio web y su contenido.<\/p>\n\n\n\n<p>Servicios ofrecidos.<\/p>\n\n\n\n<p>Productos.<\/p>\n\n\n\n<p>Marcas y nombres comerciales.<\/p>\n\n\n\n<p>Logos, dise\u00f1os e im\u00e1genes.<\/p>\n\n\n\n<p>Dominios, c\u00f3digos, desarrollos, software, bases de datos e informaci\u00f3n.<\/p>\n\n\n\n<p>Tecnolog\u00eda desarrollada, dise\u00f1os moleculares, modelos industriales, secretos comerciales, entre otros.<\/p>\n\n\n\n<p>Est\u00e1 prohibido usar nuestros productos o servicios con la finalidad de realizar cualquier tipo de ingenier\u00eda inversa u obras derivadas. Se proh\u00edbe el uso de herramientas de b\u00fasqueda o de extracci\u00f3n de datos y contenidos de nuestra plataforma para su reutilizaci\u00f3n y\/o crear bases de datos propias que incluyan en todo o en parte nuestro contenido sin nuestra expresa autorizaci\u00f3n.<\/p>\n\n\n\n<h5 class=\"wp-block-heading\"><strong>10- Indemnidad<\/strong><\/h5>\n\n\n\n<p>El usuario mantendr\u00e1 indemne a AsesoresQFYB as\u00ed como a quienes la dirigen, suceden, administran, representan y\/o trabajan en ellas, por cualquier reclamo administrativo o judicial iniciado por otros usuarios, terceros o por cualquier Organismo, relacionado con sus actividades.<br><br><\/p>\n\n\n\n<h5 class=\"wp-block-heading\"><strong>12- Jurisdicci\u00f3n y Ley Aplicable<\/strong><\/h5>\n\n\n\n<p>Estos T\u00e9rminos y Condiciones se rigen por la ley local. Toda controversia derivada de su aplicaci\u00f3n, interpretaci\u00f3n, ejecuci\u00f3n o validez ser\u00e1 resuelta por los tribunales nacionales ordinarios competentes, con asiento en la capital, salvo disposici\u00f3n espec\u00edfica de normas de orden p\u00fablico, como, por ejemplo, legislaci\u00f3n relativa al Consumidor. Para todos los efectos relacionados con estos T\u00e9rminos y Condiciones y con el uso del sitio. Pude contactarnos a la direcci\u00f3n de contacto electr\u00f3nico.<\/p>\n","protected":false},"excerpt":{"rendered":"<p>1- Asesores Qu\u00edmico-Farmac\u00e9utico y Biotecnol\u00f3gico (AsesoresQFYB) AsesoresQFYB es una compa\u00f1\u00eda de asesor\u00edas normativas y tecnol\u00f3gicas que ofrece servicios de soporte documental y conocimiento tecnol\u00f3gico a trav\u00e9s de su pagina web &#8211; &nbsp;www.asesoresqfyb.com. 2- T\u00e9rminos y Condiciones Estos t\u00e9rminos y condiciones explican los servicios de AsesoresQFYB y regulan la relaci\u00f3n entre esta empresa y las personas [&hellip;]<\/p>\n","protected":false},"author":1,"featured_media":0,"parent":0,"menu_order":0,"comment_status":"closed","ping_status":"closed","template":"","meta":{"om_disable_all_campaigns":false,"_monsterinsights_skip_tracking":false,"_monsterinsights_sitenote_active":false,"_monsterinsights_sitenote_note":"","_monsterinsights_sitenote_category":0,"footnotes":""},"class_list":["post-12","page","type-page","status-publish","hentry"],"aioseo_notices":[],"_links":{"self":[{"href":"https:\/\/www.asesoresqfyb.com\/index.php\/wp-json\/wp\/v2\/pages\/12","targetHints":{"allow":["GET"]}}],"collection":[{"href":"https:\/\/www.asesoresqfyb.com\/index.php\/wp-json\/wp\/v2\/pages"}],"about":[{"href":"https:\/\/www.asesoresqfyb.com\/index.php\/wp-json\/wp\/v2\/types\/page"}],"author":[{"embeddable":true,"href":"https:\/\/www.asesoresqfyb.com\/index.php\/wp-json\/wp\/v2\/users\/1"}],"replies":[{"embeddable":true,"href":"https:\/\/www.asesoresqfyb.com\/index.php\/wp-json\/wp\/v2\/comments?post=12"}],"version-history":[{"count":1,"href":"https:\/\/www.asesoresqfyb.com\/index.php\/wp-json\/wp\/v2\/pages\/12\/revisions"}],"predecessor-version":[{"id":420,"href":"https:\/\/www.asesoresqfyb.com\/index.php\/wp-json\/wp\/v2\/pages\/12\/revisions\/420"}],"wp:attachment":[{"href":"https:\/\/www.asesoresqfyb.com\/index.php\/wp-json\/wp\/v2\/media?parent=12"}],"curies":[{"name":"wp","href":"https:\/\/api.w.org\/{rel}","templated":true}]}}